{"id":86,"date":"2021-03-26T07:10:04","date_gmt":"2021-03-26T07:10:04","guid":{"rendered":"https:\/\/unsermuehlbach.at\/?page_id=86"},"modified":"2021-03-29T09:14:55","modified_gmt":"2021-03-29T09:14:55","slug":"kunst-vor-2021","status":"publish","type":"page","link":"https:\/\/unsermuehlbach.at\/en\/kunst-kultur\/kunst-vor-2021\/","title":{"rendered":"Art before 2021"},"content":{"rendered":"<p>Page under construction. <\/p>\n\n\n\n<figure class=\"wp-block-embed is-type-link is-provider-rettet-den-muhlbach-in-hermagor wp-block-embed-rettet-den-muhlbach-in-hermagor\"><div class=\"wp-block-embed__wrapper\">\n<a href=\"https:\/\/rettetdenmuehlbach.wordpress.com\/in-der-kunst\/\">The millstream in art &amp; poetry (collection)<\/a>\n<\/div><\/figure>\n\n\n\n<figure class=\"wp-block-embed is-type-link is-provider-rettet-den-muhlbach-in-hermagor wp-block-embed-rettet-den-muhlbach-in-hermagor\"><div class=\"wp-block-embed__wrapper\">\nhttps:\/\/rettetdenmuehlbach.wordpress.com\/videos\/\n<\/div><\/figure>\n\n\n\n<p class=\"has-large-font-size\">The M\u00fchlbachl<\/p>\n\n\n\n<p>There is a mill<br>in the ditch, by the house.<br>The mill wheel stands still<br>year in and year out.<\/p>\n\n\n\n<p>Bushes are already growing<br>around the mill house.<br>The M\u00fchlbachl, gone:<br>The mill wheel stands mute.<\/p>\n\n\n\n<p>The M\u00fchlbachl, which once<br>the mill wheel turned,<br>would like to sing again<br>his run of the mill prayer.<\/p>\n\n\n\n<p><em>Sieglinde Jank-Arrich, March 2021<\/em><\/p>\n\n\n\n<p><\/p>\n\n\n\n<p><strong>Tragic M\u00fchlbach, video impressions 2016<\/strong><\/p>\n\n\n\n<figure class=\"wp-block-embed is-type-video is-provider-youtube wp-block-embed-youtube wp-embed-aspect-16-9 wp-has-aspect-ratio\"><div class=\"wp-block-embed__wrapper\">\n<iframe loading=\"lazy\" title=\"Tragic Muehlbach 2016\" width=\"1080\" height=\"608\" src=\"https:\/\/www.youtube.com\/embed\/C4YrlIBELDk?feature=oembed\"  allow=\"accelerometer; autoplay; clipboard-write; encrypted-media; gyroscope; picture-in-picture\" allowfullscreen><\/iframe>\n<\/div><\/figure>","protected":false},"excerpt":{"rendered":"<p>Seite im Aufbau. Das M\u00fchlbachl Es steht eine M\u00fchleim Graben, beim Haus.Das M\u00fchlrad steht stillejahrein und jahraus. Es wachsen schon Str\u00e4ucherum das M\u00fchlhaus herum.Das M\u00fchlbachl, verschwunden:Das M\u00fchlrad steht stumm. Das M\u00fchlbachl, das einmaldas M\u00fchlrad gedreht,w\u00fcrde gern wieder singensein M\u00fchlengebet. Sieglinde Jank-Arrich, M\u00e4rz 2021 Tragic M\u00fchlbach, Video-Impressionen 2016<\/p>","protected":false},"author":3,"featured_media":0,"parent":19,"menu_order":0,"comment_status":"closed","ping_status":"closed","template":"","meta":{"_acf_changed":false,"_et_pb_use_builder":"","_et_pb_old_content":"","_et_gb_content_width":"","footnotes":""},"class_list":["post-86","page","type-page","status-publish","hentry"],"acf":[],"_links":{"self":[{"href":"https:\/\/unsermuehlbach.at\/en\/wp-json\/wp\/v2\/pages\/86","targetHints":{"allow":["GET"]}}],"collection":[{"href":"https:\/\/unsermuehlbach.at\/en\/wp-json\/wp\/v2\/pages"}],"about":[{"href":"https:\/\/unsermuehlbach.at\/en\/wp-json\/wp\/v2\/types\/page"}],"author":[{"embeddable":true,"href":"https:\/\/unsermuehlbach.at\/en\/wp-json\/wp\/v2\/users\/3"}],"replies":[{"embeddable":true,"href":"https:\/\/unsermuehlbach.at\/en\/wp-json\/wp\/v2\/comments?post=86"}],"version-history":[{"count":4,"href":"https:\/\/unsermuehlbach.at\/en\/wp-json\/wp\/v2\/pages\/86\/revisions"}],"predecessor-version":[{"id":153,"href":"https:\/\/unsermuehlbach.at\/en\/wp-json\/wp\/v2\/pages\/86\/revisions\/153"}],"up":[{"embeddable":true,"href":"https:\/\/unsermuehlbach.at\/en\/wp-json\/wp\/v2\/pages\/19"}],"wp:attachment":[{"href":"https:\/\/unsermuehlbach.at\/en\/wp-json\/wp\/v2\/media?parent=86"}],"curies":[{"name":"wp","href":"https:\/\/api.w.org\/{rel}","templated":true}]}}