{"id":84,"date":"2021-03-26T07:09:01","date_gmt":"2021-03-26T07:09:01","guid":{"rendered":"https:\/\/unsermuehlbach.at\/?page_id=84"},"modified":"2022-01-22T16:53:11","modified_gmt":"2022-01-22T14:53:11","slug":"pro-muhlbach","status":"publish","type":"page","link":"https:\/\/unsermuehlbach.at\/en\/kunst-kultur\/pro-muhlbach\/","title":{"rendered":"Art action &amp; vernissage PRO M\u00dcHLBACH"},"content":{"rendered":"<p><img loading=\"lazy\" decoding=\"async\" class=\"size-medium wp-image-1107 alignleft\" src=\"https:\/\/unsermuehlbach.at\/wp-content\/uploads\/2021\/04\/Schu\u0308tzenpark_1305-300x225.jpeg\" alt=\"\" width=\"300\" height=\"225\" srcset=\"https:\/\/unsermuehlbach.at\/wp-content\/uploads\/2021\/04\/Schu\u0308tzenpark_1305-300x225.jpeg 300w, https:\/\/unsermuehlbach.at\/wp-content\/uploads\/2021\/04\/Schu\u0308tzenpark_1305-1024x768.jpeg 1024w, https:\/\/unsermuehlbach.at\/wp-content\/uploads\/2021\/04\/Schu\u0308tzenpark_1305-768x576.jpeg 768w, https:\/\/unsermuehlbach.at\/wp-content\/uploads\/2021\/04\/Schu\u0308tzenpark_1305-1536x1152.jpeg 1536w, https:\/\/unsermuehlbach.at\/wp-content\/uploads\/2021\/04\/Schu\u0308tzenpark_1305-2048x1536.jpeg 2048w, https:\/\/unsermuehlbach.at\/wp-content\/uploads\/2021\/04\/Schu\u0308tzenpark_1305-16x12.jpeg 16w, https:\/\/unsermuehlbach.at\/wp-content\/uploads\/2021\/04\/Schu\u0308tzenpark_1305-510x382.jpeg 510w, https:\/\/unsermuehlbach.at\/wp-content\/uploads\/2021\/04\/Schu\u0308tzenpark_1305-1080x810.jpeg 1080w, https:\/\/unsermuehlbach.at\/wp-content\/uploads\/2021\/04\/Schu\u0308tzenpark_1305-1280x960.jpeg 1280w, https:\/\/unsermuehlbach.at\/wp-content\/uploads\/2021\/04\/Schu\u0308tzenpark_1305-980x735.jpeg 980w, https:\/\/unsermuehlbach.at\/wp-content\/uploads\/2021\/04\/Schu\u0308tzenpark_1305-480x360.jpeg 480w\" sizes=\"auto, (max-width: 300px) 100vw, 300px\" \/> <img loading=\"lazy\" decoding=\"async\" class=\"wp-image-1108 alignleft\" src=\"https:\/\/unsermuehlbach.at\/wp-content\/uploads\/2021\/04\/Schu\u0308tzenpark_1308-300x225.jpeg\" alt=\"\" width=\"298\" height=\"224\" srcset=\"https:\/\/unsermuehlbach.at\/wp-content\/uploads\/2021\/04\/Schu\u0308tzenpark_1308-300x225.jpeg 300w, https:\/\/unsermuehlbach.at\/wp-content\/uploads\/2021\/04\/Schu\u0308tzenpark_1308-1024x768.jpeg 1024w, https:\/\/unsermuehlbach.at\/wp-content\/uploads\/2021\/04\/Schu\u0308tzenpark_1308-768x576.jpeg 768w, https:\/\/unsermuehlbach.at\/wp-content\/uploads\/2021\/04\/Schu\u0308tzenpark_1308-1536x1152.jpeg 1536w, https:\/\/unsermuehlbach.at\/wp-content\/uploads\/2021\/04\/Schu\u0308tzenpark_1308-2048x1536.jpeg 2048w, https:\/\/unsermuehlbach.at\/wp-content\/uploads\/2021\/04\/Schu\u0308tzenpark_1308-16x12.jpeg 16w, https:\/\/unsermuehlbach.at\/wp-content\/uploads\/2021\/04\/Schu\u0308tzenpark_1308-510x382.jpeg 510w, https:\/\/unsermuehlbach.at\/wp-content\/uploads\/2021\/04\/Schu\u0308tzenpark_1308-1080x810.jpeg 1080w, https:\/\/unsermuehlbach.at\/wp-content\/uploads\/2021\/04\/Schu\u0308tzenpark_1308-1280x960.jpeg 1280w, https:\/\/unsermuehlbach.at\/wp-content\/uploads\/2021\/04\/Schu\u0308tzenpark_1308-980x735.jpeg 980w, https:\/\/unsermuehlbach.at\/wp-content\/uploads\/2021\/04\/Schu\u0308tzenpark_1308-480x360.jpeg 480w\" sizes=\"auto, (max-width: 298px) 100vw, 298px\" \/><\/p>\r\n<p>&nbsp;<\/p>\r\n<p style=\"text-align: center;\"><a href=\"https:\/\/unsermuehlbach.at\/en\/kulturprojekte\/der-schuetzenpark\/\"><strong>The Sch\u00fctzenpark in Hermagor<\/strong><\/a><\/p>\r\n\r\n\r\n\r\n\r\n\r\n<p><strong>The PRO M\u00fchlbach exhibition in the Sch\u00fctzenpark took place from June 25 to July 23, 2021.<\/strong><\/p>\r\n<p>SLIDESHOW \"BOTSCHAFTEN AN DEN M\u00dcHLBACH\" (a presentation of digital artists' messages)<\/p>\r\n<p><strong>The slideshow \"Messages to the M\u00fchlbach\" was also shown on six monitors in Hermagor town center. Read all about it here: <a href=\"https:\/\/hermagorkunstnatur.wordpress.com\/slideshow\/\">hermagorkunstnatur.wordpress.com\/slideshow<\/a><\/strong><\/p>\r\n<p>In the form of<strong> Single images<\/strong> can use the <strong>Slideshow \"Messages to the M\u00fchlbach\".<\/strong> can be viewed on this website, here (presentation): <a href=\"https:\/\/unsermuehlbach.at\/en\/slideshow\/\"><strong>https:\/\/unsermuehlbach.at\/slideshow\/<\/strong><\/a>Special feature: GIFs are integrated, and these are only animated in this presentation.<\/p>\r\n<p>The <strong>Slideshow \"PRO M\u00fchlbach\"<\/strong> as <strong>Documentation of the exhibition and vernissage<\/strong> can be seen here below in individual pictures. It will be <strong>from the end of January 2022<\/strong> will also be available in a dubbed version.<\/p>\r\n<p><blockquote class=\"wp-embedded-content\" data-secret=\"1qDeuxH0kq\"><a href=\"https:\/\/unsermuehlbach.at\/en\/alles-nur-fuer-einen-bach\/\">All for a Brook | For a Brook<\/a><\/blockquote><iframe loading=\"lazy\" class=\"wp-embedded-content\" sandbox=\"allow-scripts\" security=\"restricted\" style=\"position: absolute; clip: rect(1px, 1px, 1px, 1px);\" title=\"&quot;Alles nur f\u00fcr einen Bach | For a Brook&quot; - Our mill stream in Hermagor\" src=\"https:\/\/unsermuehlbach.at\/alles-nur-fuer-einen-bach\/embed\/#?secret=1qDeuxH0kq\" data-secret=\"1qDeuxH0kq\" width=\"600\" height=\"338\" frameborder=\"0\" marginwidth=\"0\" marginheight=\"0\" scrolling=\"no\"><\/iframe><\/p>\r\n<h3>PRO M\u00fchlbach - the documentation(Slideshow)<\/h3>\r\n<p>Here you can already see part 1 of 3 parts on YouTube (only works with the link):<\/p>\r\n<p><iframe loading=\"lazy\" title=\"PRO M\u00fchlbach Documentation Part 1\" width=\"1080\" height=\"608\" src=\"https:\/\/www.youtube.com\/embed\/_05Vt04uSX8?feature=oembed\"  allow=\"accelerometer; autoplay; clipboard-write; encrypted-media; gyroscope; picture-in-picture\" allowfullscreen><\/iframe><\/p>\r\n<h3>MEDIA REPORTS and other reports<\/h3>\r\n<p>Reports concerning the vernissage<\/p>\r\n<ul>\r\n<li>\r\n<p>Gailtaler Woche (My district online, Hans Jost) <a href=\"https:\/\/www.meinbezirk.at\/gailtal\/c-lokales\/kuenstler-fuer-muehlbach-wiederbelebung_a4728431\">https:\/\/www.meinbezirk.at\/gailtal\/c-lokales\/kuenstler-fuer-muehlbach-wiederbelebung_a4728431<\/a><\/p>\r\n<\/li>\r\n<li>Facebook (Wulfenia Art Club)<\/li>\r\n<li>https:\/\/hermagorkunstnatur.wordpress.com\/2021\/06\/26\/friedenssamen-voraustraenen-wassersucher-fantasievolle-kunst-am-muehlbach\/<\/li>\r\n<li>https:\/\/rettetdenmuehlbach.wordpress.com\/2021\/06\/26\/erfolgreiche-vernissage-pro-muehlbach-sorge-um-den-schuetzenpark\/<\/li>\r\n<\/ul>\r\n<h3>INFORMATION ABOUT PRO M\u00dcHLBACH - VERNISSAGE AND EXHIBITION 2021 IN HERMAGOR<\/h3>\r\n<p><strong>As with the digital<\/strong><\/p>\r\n<p><strong><a href=\"https:\/\/hermagorkunstnatur.wordpress.com\">Messages to the M\u00fchlbach<\/a>, <\/strong><\/p>\r\n<p><strong>The artistic group event should also<\/strong><\/p>\r\n<h2><strong>PRO M\u00dcHLBACH<\/strong><\/h2>\r\n\r\n\r\n\r\n<h2><img loading=\"lazy\" decoding=\"async\" class=\"wp-image-1250  aligncenter\" src=\"https:\/\/unsermuehlbach.at\/wp-content\/uploads\/2021\/05\/pro_muehlbach_512x152-300x89.jpg\" alt=\"\" width=\"196\" height=\"58\" \/><\/h2>\r\n<p><strong>The connection with nature must be expressed.\u00a0 <a href=\"https:\/\/hermagorkunstnatur.wordpress.com\/pro-muehlbach\/\">The participating artists<\/a> deal with grief and hope concerning the M\u00fchlbach. Water is far more than just a consumer good...<\/strong><\/p>\r\n<div id=\"attachment_1289\" style=\"width: 198px\" class=\"wp-caption aligncenter\"><img loading=\"lazy\" decoding=\"async\" aria-describedby=\"caption-attachment-1289\" class=\"wp-image-1289\" src=\"https:\/\/unsermuehlbach.at\/wp-content\/uploads\/2021\/06\/IMG_9512-300x225.png\" alt=\"\u00a9 Anita Wiegele\" width=\"188\" height=\"141\" \/><p id=\"caption-attachment-1289\" class=\"wp-caption-text\">This life-size figure by Anita Wiegele made an impression at the vernissage.<\/p><\/div>\r\n<h4 style=\"text-align: center;\">The<strong> Vernissage <\/strong>entitled<\/h4>\r\n<h4 style=\"text-align: center;\"><strong>M\u00dcHLBACHPHANTASIES - PRO M\u00dcHLBACH<br \/><\/strong><\/h4>\r\n<p style=\"text-align: center;\">took place on<\/p>\r\n<h4 style=\"text-align: center;\"><strong>Friday, 25 June 2021<\/strong>,\u00a0<\/h4>\r\n<h4 style=\"text-align: center;\">at <strong>Sch\u00fctzenpark in Hermagor<\/strong><\/h4>\r\n<p style=\"text-align: center;\">is taking place.<\/p>\r\n<h4 style=\"text-align: center;\"><strong>Start: 18:00<\/strong><\/h4>\r\n<p style=\"text-align: center;\"><strong>with music and performance<\/strong><\/p>\r\n\r\n\r\n\r\n\r\n\r\n\r\n\r\n\r\n\r\n<p><strong>Organizing Team: <\/strong>the artists of Hermagor<strong> Herbert Unterberger, Engelbert Obernosterer,<\/strong> <strong><a href=\"\/en\/impressum\/\">Inge Lasser<\/a><\/strong><\/p>\r\n<h3><strong>Participations \"PRO M\u00fchlbach<\/strong><\/h3>\r\n<p><strong>Barbara Ambrusch-Rapp, Johannes Angerbauer-Goldhoff, Patricia Frida, Herta Hofer, Gudrun Kargl, Andrea Kopitsch, Inge Lasser, Rudi Lasser\/Citizens' Initiative, Gailtaler Literaturkreis (Direction: Anni Fortunat), Andrea Malowerschnig, Ulrike Maturana Dorado\/Citizens' Initiative, Elisabeth Muffat, Engelbert Obernosterer, Arno Popotnig, Gia Simetzberger, Petra Treffner, Herbert Unterberger, Markus Wagenhofer, Anita Wiegele, Ernst Wieser, group of pupils of the 2nd grade of the HLW Hermagor. AHW of the HLW Hermagor (Head: Doris Lasser).<\/strong><\/p>\r\n<p><strong>Musical framework <\/strong><\/p>\r\n<p><strong>BUZGI, the VADAs, Ja-Koby, Emelie<br \/><\/strong><\/p>\r\n<p><strong><a href=\"https:\/\/hermagorkunstnatur.wordpress.com\/pro-muehlbach\/\">A short introduction of the participating artists<\/a><\/strong><\/p>\r\n<p>There is also a <strong>Link<\/strong><\/p>\r\n<p><img loading=\"lazy\" decoding=\"async\" class=\"wp-image-1248 alignleft\" src=\"https:\/\/unsermuehlbach.at\/wp-content\/uploads\/2021\/05\/unser-muehlbach-botschaften-logo-_klein-300x89.png\" alt=\"\" width=\"212\" height=\"63\" \/><\/p>\r\n<p><strong>with the digital art action<\/strong> <a href=\"https:\/\/hermagorkunstnatur.wordpress.com\">\u00a0<strong>Messages to the M\u00fchlbach<\/strong><\/a> in the form of<strong> Slideshow<\/strong>starting in June in the <strong>Hermagor city centre<\/strong> is shown. This<strong> Slideshow<\/strong> is - accompanied by background music - also available online.<\/p>\r\n<p>Warning, these shows are not available on YouTube without a link.<\/p>\r\n<p>Our June 12, 2021 update on this. The slideshows are presented here!<\/p>\r\n<p><blockquote class=\"wp-embedded-content\" data-secret=\"CCovYEHCYX\"><a href=\"https:\/\/unsermuehlbach.at\/en\/die-botschaften-slideshow-ist-zu-sehen-muehlbachphantasien-bei-der-vernissage-blog-text-10\/\">BOTSCHAFTEN-Slideshow can be seen, M\u00dcHLBACHPHANTASIEN at the vernissage (Blog Text #10)<\/a><\/blockquote><iframe loading=\"lazy\" class=\"wp-embedded-content\" sandbox=\"allow-scripts\" security=\"restricted\" style=\"position: absolute; clip: rect(1px, 1px, 1px, 1px);\" title=\"&quot;BOTSCHAFTEN-Slideshow is to be seen, M\u00dcHLBACHPHANTASIEN at the Vernissage (Blog Text #10)&quot; - Our M\u00fchlbach in Hermagor\" src=\"https:\/\/unsermuehlbach.at\/die-botschaften-slideshow-ist-zu-sehen-muehlbachphantasien-bei-der-vernissage-blog-text-10\/embed\/#?secret=CCovYEHCYX\" data-secret=\"CCovYEHCYX\" width=\"600\" height=\"338\" frameborder=\"0\" marginwidth=\"0\" marginheight=\"0\" scrolling=\"no\"><\/iframe><\/p>\r\n<p style=\"text-align: left;\">\u00a0<\/p>\r\n<p>&nbsp;<\/p>\r\n<p><img loading=\"lazy\" decoding=\"async\" class=\"aligncenter wp-image-1313 size-large\" src=\"https:\/\/unsermuehlbach.at\/wp-content\/uploads\/2021\/06\/jpgPlakatKunstaktion-724x1024.jpg\" alt=\"\" width=\"724\" height=\"1024\" \/><\/p>\r\n<p>&nbsp;<\/p>\r\n\r\n\r\n\r\n\r\n\r\n<p>&nbsp;<\/p>\r\n\r\n\r\n\r\n<div class=\"wp-block-image\" style=\"text-align: center;\">\r\n<figure class=\"aligncenter size-large is-resized\"><img loading=\"lazy\" decoding=\"async\" class=\"wp-image-203 aligncenter\" src=\"https:\/\/unsermuehlbach.at\/wp-content\/uploads\/2021\/03\/40651_430968883700_290192_n.jpg\" alt=\"\" width=\"535\" height=\"356\" srcset=\"https:\/\/unsermuehlbach.at\/wp-content\/uploads\/2021\/03\/40651_430968883700_290192_n.jpg 720w, https:\/\/unsermuehlbach.at\/wp-content\/uploads\/2021\/03\/40651_430968883700_290192_n-300x200.jpg 300w\" sizes=\"auto, (max-width: 535px) 100vw, 535px\" \/>\r\n<figcaption>Communication with the waters has already an artistic tradition here...<a href=\"https:\/\/giaart.wordpress.com\/installationen\/ein-kollier-fur-die-gail-2\/\"><br \/>Temporary installation at the river Gail, Kollier f\u00fcr die Gail 2010, Gia S.<\/a><\/figcaption>\r\n<\/figure>\r\n<\/div>\r\n\r\n\r\n\r\n<p>&nbsp;<\/p>","protected":false},"excerpt":{"rendered":"<p>&nbsp; Der Sch\u00fctzenpark in Hermagor Die Ausstellung PRO M\u00fchlbach im Sch\u00fctzenpark fand vom 25. Juni bis 23. Juli 2021 statt. SLIDESHOW &#8222;BOTSCHAFTEN AN DEN M\u00dcHLBACH&#8220; (eine Pr\u00e4sentation der digitalen K\u00fcnstlerbotschaften) Begleitend wurde die Slideshow &#8222;Botschaften an den M\u00fchlbach&#8220; auf sechs Monitoren in der Hermagorer Innenstadt gezeigt. Alles dazu hier: hermagorkunstnatur.wordpress.com\/slideshow In Form von Einzelbildern kann [&hellip;]<\/p>","protected":false},"author":3,"featured_media":0,"parent":19,"menu_order":0,"comment_status":"closed","ping_status":"closed","template":"","meta":{"_acf_changed":false,"_et_pb_use_builder":"on","_et_pb_old_content":"<!-- wp:paragraph -->\r\n<p><img class=\"size-medium wp-image-1107 alignleft\" src=\"https:\/\/unsermuehlbach.at\/wp-content\/uploads\/2021\/04\/Schu\u0308tzenpark_1305-300x225.jpeg\" alt=\"\" width=\"300\" height=\"225\" \/> <img class=\" wp-image-1108 alignleft\" src=\"https:\/\/unsermuehlbach.at\/wp-content\/uploads\/2021\/04\/Schu\u0308tzenpark_1308-300x225.jpeg\" alt=\"\" width=\"298\" height=\"224\" \/><\/p>\r\n<p>&nbsp;<\/p>\r\n<p style=\"text-align: center;\"><a href=\"https:\/\/unsermuehlbach.at\/kulturprojekte\/der-schuetzenpark\/\"><strong>Der Sch\u00fctzenpark in Hermagor<\/strong><\/a><\/p>\r\n<!-- \/wp:paragraph -->\r\n\r\n<!-- wp:paragraph --><!-- \/wp:paragraph -->\r\n\r\n<!-- wp:paragraph -->\r\n<p><strong>Die Ausstellung PRO M\u00fchlbach im Sch\u00fctzenpark fand vom 25. Juni bis 23. Juli 2021 statt.<\/strong><\/p>\r\n<p>SLIDESHOW \"BOTSCHAFTEN AN DEN M\u00dcHLBACH\" (eine Pr\u00e4sentation der digitalen K\u00fcnstlerbotschaften)<\/p>\r\n<p><strong>Begleitend wurde die Slideshow \"Botschaften an den M\u00fchlbach\" auf sechs Monitoren in der Hermagorer Innenstadt gezeigt. Alles dazu hier: <a href=\"https:\/\/hermagorkunstnatur.wordpress.com\/slideshow\/\">hermagorkunstnatur.wordpress.com\/slideshow<\/a><\/strong><\/p>\r\n<p>In Form von<strong> Einzelbildern<\/strong> kann die <strong>Slideshow \"Botschaften an den M\u00fchlbach\"<\/strong> auf dieser Webseite betrachtet werden, und zwar hier (Pr\u00e4sentation): <a href=\"https:\/\/unsermuehlbach.at\/slideshow\/\"><strong>https:\/\/unsermuehlbach.at\/slideshow\/<\/strong><\/a>Besonderheit dabei: Es sind GIFs eingebaut, und diese zeigen sich nur bei dieser Pr\u00e4senttion belebt.<\/p>\r\n<p>Die <strong>Slideshow \"PRO M\u00fchlbach\"<\/strong> als <strong>Dokumentation der Ausstellung samt Vernissage<\/strong> ist hier unten in einzelnen Bildern zu sehen. Es wird sie <strong>ab Ende J\u00e4nner 2022<\/strong> auch in vertonter Version geben.<\/p>\r\n<p>https:\/\/unsermuehlbach.at\/alles-nur-fuer-einen-bach\/<\/p>\r\n<h3>PRO M\u00fchlbach - die Dokumentation(Slideshow)<\/h3>\r\n<p>Hier ist schon einmal Teil 1 von 3 Teilen auf YouTube zu sehen (klappt nur mit dem Link):<\/p>\r\n<p>https:\/\/youtu.be\/_05Vt04uSX8<\/p>\r\n<h3>MEDIENBERICHTE und sonstige Berichte<\/h3>\r\n<p>Berichte betreffend die Vernissage<\/p>\r\n<ul>\r\n<li>\r\n<p>Gailtaler Woche (Mein Bezirk Online, Hans Jost) <a href=\"https:\/\/www.meinbezirk.at\/gailtal\/c-lokales\/kuenstler-fuer-muehlbach-wiederbelebung_a4728431\">https:\/\/www.meinbezirk.at\/gailtal\/c-lokales\/kuenstler-fuer-muehlbach-wiederbelebung_a4728431<\/a><\/p>\r\n<\/li>\r\n<li>Facebook (Wulfenia Art Club)<\/li>\r\n<li>https:\/\/hermagorkunstnatur.wordpress.com\/2021\/06\/26\/friedenssamen-voraustraenen-wassersucher-fantasievolle-kunst-am-muehlbach\/<\/li>\r\n<li>https:\/\/rettetdenmuehlbach.wordpress.com\/2021\/06\/26\/erfolgreiche-vernissage-pro-muehlbach-sorge-um-den-schuetzenpark\/<\/li>\r\n<\/ul>\r\n<h3>INFORMATION \u00dcBER PRO M\u00dcHLBACH - VERNISSAGE UND AUSSTELLUNG 2021 IN HERMAGOR<\/h3>\r\n<p><strong>Wie auch bei den digitalen<\/strong><\/p>\r\n<p><strong><a href=\"https:\/\/hermagorkunstnatur.wordpress.com\">Botschaften an den M\u00fchlbach<\/a>, <\/strong><\/p>\r\n<p><strong>so sollten auch bei der k\u00fcnstlerischen Gruppenveranstaltung<\/strong><\/p>\r\n<h2><strong>PRO M\u00dcHLBACH<\/strong><\/h2>\r\n<!-- \/wp:paragraph -->\r\n\r\n<!-- wp:paragraph -->\r\n<h2><img class=\"wp-image-1250  aligncenter\" src=\"https:\/\/unsermuehlbach.at\/wp-content\/uploads\/2021\/05\/pro_muehlbach_512x152-300x89.jpg\" alt=\"\" width=\"196\" height=\"58\" \/><\/h2>\r\n<p><strong>Verbundenheit mit der Natur zum Ausdruck kommen.\u00a0 <a href=\"https:\/\/hermagorkunstnatur.wordpress.com\/pro-muehlbach\/\">Die teilnehmenden K\u00fcnstler<\/a> setzten sich mit Trauer und Hoffnung betreffend den M\u00fchlbach auseinander. Wasser ist weit mehr ist als nur ein Konsumgut...<\/strong><\/p>\r\n[caption id=\"attachment_1289\" align=\"aligncenter\" width=\"188\"]<img class=\"wp-image-1289 \" src=\"https:\/\/unsermuehlbach.at\/wp-content\/uploads\/2021\/06\/IMG_9512-300x225.png\" alt=\"\u00a9 Anita Wiegele\" width=\"188\" height=\"141\" \/> Diese lebensgro\u00dfe Figur von Anita Wiegele beeindruckte bei der Vernissage .Hier halbfertig.[\/caption]\r\n<h4 style=\"text-align: center;\">Die<strong> Vernissage <\/strong>mit dem Titel<\/h4>\r\n<h4 style=\"text-align: center;\"><strong>M\u00dcHLBACHPHANTASIEN - PRO M\u00dcHLBACH<br \/><\/strong><\/h4>\r\n<p style=\"text-align: center;\">fand am<\/p>\r\n<h4 style=\"text-align: center;\"><strong>Freitag, dem 25. Juni 2021<\/strong>,\u00a0<\/h4>\r\n<h4 style=\"text-align: center;\">im <strong>Sch\u00fctzenpark in Hermagor<\/strong><\/h4>\r\n<p style=\"text-align: center;\">statt.<\/p>\r\n<h4 style=\"text-align: center;\"><strong>Beginn: 18:00 Uhr<\/strong><\/h4>\r\n<p style=\"text-align: center;\"><strong>mit Musik und Performance<\/strong><\/p>\r\n<!-- \/wp:paragraph -->\r\n\r\n<!-- wp:paragraph --><!-- \/wp:paragraph -->\r\n\r\n<!-- wp:paragraph --><!-- \/wp:paragraph -->\r\n\r\n<!-- wp:paragraph --><!-- \/wp:paragraph -->\r\n\r\n<!-- wp:paragraph -->\r\n<p><strong>Organisationsteam: <\/strong>die Hermagorer K\u00fcnstler<strong> Herbert Unterberger, Engelbert Obernosterer,<\/strong> <strong><a href=\"\/impressum\">Inge Lasser<\/a><\/strong><\/p>\r\n<h3><strong>Beteiligungen \u201ePRO M\u00fchlbach\u201c<\/strong><\/h3>\r\n<p><strong>Barbara Ambrusch-Rapp, Johannes Angerbauer-Goldhoff, Patricia Frida, Herta Hofer, Gudrun Kargl, Andrea Kopitsch, Inge Lasser, Rudi Lasser\/B\u00fcrgerinitiative, Gailtaler Literaturkreis (Leitung: Anni Fortunat), Andrea Malowerschnig, Ulrike Maturana Dorado\/B\u00fcrgerinitiative, Elisabeth Muffat, Engelbert Obernosterer, Arno Popotnig, Gia Simetzberger, Petra Treffner, Herbert Unterberger, Markus Wagenhofer, Anita Wiegele, Ernst Wieser, Sch\u00fclergruppe der 2. AHW der HLW Hermagor (Leitung: Doris Lasser).<\/strong><\/p>\r\n<p><strong>Musikalische Umrahmung <\/strong><\/p>\r\n<p><strong>BUZGI, die VADAs, Ja-Koby, Emelie<br \/><\/strong><\/p>\r\n<p><strong><a href=\"https:\/\/hermagorkunstnatur.wordpress.com\/pro-muehlbach\/\">Eine kurze Vorstellung der teilnehmenden K\u00fcnstler<\/a><\/strong><\/p>\r\n<p>Es gibt auch eine <strong>Verkn\u00fcpfung<\/strong><\/p>\r\n<p><img class=\"wp-image-1248 alignleft\" src=\"https:\/\/unsermuehlbach.at\/wp-content\/uploads\/2021\/05\/unser-muehlbach-botschaften-logo-_klein-300x89.png\" alt=\"\" width=\"212\" height=\"63\" \/><\/p>\r\n<p><strong>mit der digitalen Kunstaktion<\/strong> <a href=\"https:\/\/hermagorkunstnatur.wordpress.com\">\u00a0<strong>Botschaften an den M\u00fchlbach<\/strong><\/a> in Form einer<strong> Slideshow<\/strong>, die beginnend im Juni in der <strong>Hermagorer Innenstadt<\/strong> gezeigt wird. Diese<strong> Slideshow<\/strong> ist - mit Hintergrundmusik unterlegt - auch online verf\u00fcgbar.<\/p>\r\n<p>Achtung, diese Shows sind auf YouTube ohne Link nicht abrufbar.<\/p>\r\n<p>Unser Update vom 12. Juni 2021 dazu. Hier werden die Slideshows pr\u00e4sentiert!<\/p>\r\n<p>https:\/\/unsermuehlbach.at\/die-botschaften-slideshow-ist-zu-sehen-muehlbachphantasien-bei-der-vernissage-blog-text-10\/<\/p>\r\n<p style=\"text-align: left;\">\u00a0<\/p>\r\n<p>&nbsp;<\/p>\r\n<p><img class=\"aligncenter wp-image-1313 size-large\" src=\"https:\/\/unsermuehlbach.at\/wp-content\/uploads\/2021\/06\/jpgPlakatKunstaktion-724x1024.jpg\" alt=\"\" width=\"724\" height=\"1024\" \/><\/p>\r\n<p>&nbsp;<\/p>\r\n<!-- \/wp:paragraph -->\r\n\r\n<!-- wp:paragraph --><!-- \/wp:paragraph -->\r\n\r\n<!-- wp:paragraph -->\r\n<p>&nbsp;<\/p>\r\n<!-- \/wp:paragraph -->\r\n\r\n<!-- wp:image {\"align\":\"center\",\"id\":203,\"width\":535,\"height\":356,\"sizeSlug\":\"large\",\"linkDestination\":\"none\"} -->\r\n<div class=\"wp-block-image\" style=\"text-align: center;\">\r\n<figure class=\"aligncenter size-large is-resized\"><img class=\"wp-image-203 aligncenter\" src=\"https:\/\/unsermuehlbach.at\/wp-content\/uploads\/2021\/03\/40651_430968883700_290192_n.jpg\" alt=\"\" width=\"535\" height=\"356\" \/>\r\n<figcaption>Kommunikation mit den Gew\u00e4ssern hat hier schon k\u00fcnstlerische Tradition...<a href=\"https:\/\/giaart.wordpress.com\/installationen\/ein-kollier-fur-die-gail-2\/\"><br \/>Tempor\u00e4re Installation an der Gail, Kollier f\u00fcr die Gail 2010, Gia S.<\/a><\/figcaption>\r\n<\/figure>\r\n<\/div>\r\n<!-- \/wp:image -->\r\n\r\n<!-- wp:paragraph -->\r\n<p>&nbsp;<\/p>\r\n<!-- \/wp:paragraph -->","_et_gb_content_width":"","footnotes":""},"class_list":["post-84","page","type-page","status-publish","hentry"],"acf":[],"_links":{"self":[{"href":"https:\/\/unsermuehlbach.at\/en\/wp-json\/wp\/v2\/pages\/84","targetHints":{"allow":["GET"]}}],"collection":[{"href":"https:\/\/unsermuehlbach.at\/en\/wp-json\/wp\/v2\/pages"}],"about":[{"href":"https:\/\/unsermuehlbach.at\/en\/wp-json\/wp\/v2\/types\/page"}],"author":[{"embeddable":true,"href":"https:\/\/unsermuehlbach.at\/en\/wp-json\/wp\/v2\/users\/3"}],"replies":[{"embeddable":true,"href":"https:\/\/unsermuehlbach.at\/en\/wp-json\/wp\/v2\/comments?post=84"}],"version-history":[{"count":5,"href":"https:\/\/unsermuehlbach.at\/en\/wp-json\/wp\/v2\/pages\/84\/revisions"}],"predecessor-version":[{"id":1404,"href":"https:\/\/unsermuehlbach.at\/en\/wp-json\/wp\/v2\/pages\/84\/revisions\/1404"}],"up":[{"embeddable":true,"href":"https:\/\/unsermuehlbach.at\/en\/wp-json\/wp\/v2\/pages\/19"}],"wp:attachment":[{"href":"https:\/\/unsermuehlbach.at\/en\/wp-json\/wp\/v2\/media?parent=84"}],"curies":[{"name":"wp","href":"https:\/\/api.w.org\/{rel}","templated":true}]}}