{"id":8,"date":"2011-04-02T11:01:10","date_gmt":"2011-04-02T09:01:10","guid":{"rendered":"http:\/\/hermagorkunstnatur.wordpress.com\/?page_id=8"},"modified":"2021-04-29T16:51:15","modified_gmt":"2021-04-29T14:51:15","slug":"infos-links","status":"publish","type":"page","link":"https:\/\/unsermuehlbach.at\/en\/infos-links\/","title":{"rendered":"Hermagor Info"},"content":{"rendered":"<h4><a href=\"https:\/\/gailtalnetz.wordpress.com\"><img loading=\"lazy\" decoding=\"async\" class=\"alignnone wp-image-437\" src=\"https:\/\/unsermuehlbach.at\/wp-content\/uploads\/2021\/03\/logo-gailtalnetz-kl1.jpg\" alt=\"logo-gailtalnetz-kl1\" width=\"130\" height=\"52\" \/><\/a><\/h4>\n<h4>Basic information including \"water glossary<\/h4>\n<p>The following materials have been prepared by the <a href=\"https:\/\/gailtalnetz.wordpress.com\">Gailtalnetz<\/a> created.<\/p>\n<p>&nbsp;<\/p>\n<h3><strong>Hermagor (official)<\/strong><\/h3>\n<p><a href=\"http:\/\/www.hermagor.at\">www.hermagor.at<\/a><\/p>\n<p><a href=\"https:\/\/www.geo-explorer.at\/?id=60488\">Google Maps, location or coordinates<\/a><\/p>\n<p><a href=\"https:\/\/de.wikipedia.org\/wiki\/Hermagor-Pressegger_See\">Wikipedia<\/a><\/p>\n<h3><strong>Offices &amp; Authorities<\/strong><\/h3>\n<p><a href=\"https:\/\/www.ktn.gv.at\/Verwaltung\/Bezirke\/BH-Hermagor\/Organisation?oid=2001213\"><strong>BH Hermagor, Department of Water Law<\/strong><\/a><\/p>\n<p><a href=\"https:\/\/www.ktn.gv.at\/Politik\/Landesregierung\/LH-Dr-Peter-Kaiser\"><strong>Governor for Carinthia<\/strong><\/a><\/p>\n<p><a href=\"https:\/\/www.alpenverein.at\/hermagor\/\"><strong>Alpine Club<\/strong>Section Hermagor<\/a><\/p>\n<p><a href=\"https:\/\/hermagor.at\/verwaltung\/abteilungen\/buergermeisterbuero\/\"><strong>Mayor<\/strong>, Hermagor<\/a><\/p>\n<p><a href=\"https:\/\/www.fremdenverkehrsbuero.info\/oesterreich\/9620_hermagor.html\"><strong>Tourism office Hermagor<\/strong><\/a><\/p>\n<p><a href=\"https:\/\/gailtalnetz.wordpress.com\/diverses\/kultur-vereine\/stadtmarketing-hermagor\/\"><strong>City marketing<\/strong>, Hermagor<\/a><\/p>\n<p><strong>References<\/strong> since the new election (from April 2021)<\/p>\n<p><strong>Mayor Leopold Astner<\/strong> (\u00d6VP): financial management, asset management, human resources, regional planning and tourism.<strong>First Deputy Mayor G\u00fcnter Pernul<\/strong> (SP\u00d6): fire brigade, culture, environmental and climate protection, waste management, energy. <strong>Second Deputy Mayor Irmgard Hartlieb<\/strong> (\u00d6VP): Municipal enterprises, cemeteries, monuments, lake redevelopment, economy and markets. <strong>City Councillor Martina Wiedenig<\/strong> (SP\u00d6): health, social affairs, education, library, women, generations, families and kindergartens. <strong>Councillor Hannes Burgstaller<\/strong> (\u00d6VP): civil engineering, water supply, sewerage, building yard, local beautification. <strong>Councillor Karl Tillian<\/strong> (List TILL): Agriculture and forestry, fishery, hunting, local and regional development, local image commission, local history museum M\u00f6derndorf. <strong>Councillor Siegfried Pirker<\/strong> (SP\u00d6): housing, sports, municipal buildings, torrent and river control as well as public transport and mobility.<\/p>\n<h3>Together for Hermagor<\/h3>\n<p>In addition, since 2018, there is an association \"<strong>Together for Hermagor<\/strong>&#8220;<\/p>\n<p>The most detailed information that can be found about this is in an article by editor Conny Lexe <a href=\"https:\/\/www.meinbezirk.at\/gailtal\/c-lokales\/ein-neustart-zum-wohl-hermagors_a3093753\">https:\/\/www.meinbezirk.at\/gailtal\/c-lokales\/ein-neustart-zum-wohl-hermagors_a3093753<\/a><\/p>\n<h3><strong>Waters and areas in and around Hermagor (selection)<\/strong><\/h3>\n<h3><strong>G\u00f6ssering<\/strong><\/h3>\n<p><a href=\"https:\/\/austria-forum.org\/af\/AustriaWiki\/G%C3%B6ssering\">austria-forum.org\/g\u00f6ssering<\/a><\/p>\n<p><strong>Gail, G\u00f6sseringgraben and G\u00f6ssering-waterfall, M\u00fchlbach<\/strong> <a href=\"https:\/\/rettetdenmuehlbach.wordpress.com\/doku-sammlung\/gail-goessering-muehlbach\/\">https:\/\/rettetdenmuehlbach.wordpress.com\/doku-sammlung\/gail-goessering-muehlbach\/<\/a><\/p>\n<h3><strong>Hermagor M\u00fchlbach<br \/>\n<\/strong><\/h3>\n<p><a href=\"https:\/\/helenepilz.wordpress.com\/2016\/02\/07\/unser-muehlbach-in-hermagor\/\">helenepilz.wordpress.com\/2016\/02\/07\/our-muehlbach-in-hermagor<\/a><\/p>\n<p><strong>History, old plans<\/strong> <a href=\"https:\/\/rettetdenmuehlbach.wordpress.com\/doku-sammlung\/geschichtlich\/\">rettetdenmuehlbach.wordpress.com\/docu-collection\/historical<\/a><\/p>\n<h3><strong>Stocksteinerwandweg <\/strong><\/h3>\n<p>An<strong> Footpath<\/strong> North of the oldest settlement part of Hermagor (Stocksteinerwand), lined by the M\u00fchlbach and accompanied a little further by the G\u00f6ssering. Popular walking path and shortcut from the town centre in the direction of Sch\u00fctzenpark and G\u00f6sseringgraben. Closed in winter for safety reasons.<\/p>\n<h3><strong>The Zitterbachl<\/strong><\/h3>\n<p>a small stream coming from the Guggenberg and flowing through the village of Hermagor. It is named after the fact that it swells strongly during floods and is therefore feared. <strong><br \/>\n<\/strong><\/p>\n<h3><strong>The Grie\u00dfbachl <\/strong><\/h3>\n<p>A tributary to the G\u00f6ssering in the upper market, which can also only be seen in pieces and is then fed to the G\u00f6ssering in pipes. Private owners have created a small idyll at the Grie\u00dfbachl, below the Poleinerweg. In former times there was a small bath, in which many Hermagorians refreshed themselves and learned to swim.<strong><br \/>\n<\/strong><\/p>\n<h3><strong>The Martints<\/strong><\/h3>\n<p>Field name for a slope on the sunny side of Hermagor, which was once adorned by magnificent meadows. Now the Martinzen has been parceled out and sold by the heirs of the former owner. Much of it is now building land, and where once there were peaceful grazing cows in summer and skiing and tobogganing children in winter, apartment blocks and private houses have now sprung up. A scenically valuable recreation area is lost and gives way to the housing needs of the people. Very nice view of the old town of Hermagor from the Martinzenweg.<\/p>\n<h3><strong>The Gail, the main river<br \/>\n<\/strong><\/h3>\n<p><a href=\"https:\/\/de.wikipedia.org\/wiki\/Gail\">Wikipedia<\/a><\/p>\n<p><a href=\"http:\/\/www.life-gail.at\/\">River vitalisation<\/a><\/p>\n<h3><strong>Lake Pressegg<\/strong><\/h3>\n<p><a href=\"https:\/\/de.wikipedia.org\/wiki\/Pressegger_See\">Water-experience\/Lake Pressegg<\/a><\/p>\n<p><a href=\"https:\/\/de.wikipedia.org\/wiki\/Pressegger_See\">Wikipedia<\/a><\/p>\n<h3><strong><a href=\"https:\/\/www.outdooractive.com\/de\/route\/wanderung\/gailtaler-alpen\/hermagor-goesseringgraben-radniger-wasserfall-radnig-hermagor\/11045889\/\">Radnig - church, Badl, waterfall, hike<\/a><br \/>\n<\/strong><\/h3>\n<h3><strong>Neuprie\u00dfenegg <\/strong><\/h3>\n<p>This is the name of the settlement above Hermagor on the route to Radnig. There is the well known Gailtalklinik, formerly a rehabilitation centre.<strong><br \/>\n<\/strong><\/p>\n<h3><strong>Gr\u00fcnburg near Hermagor<br \/>\n<\/strong><\/h3>\n<h3><strong>Malenthein Ruin<\/strong><\/h3>\n<p>Hiking trails from K\u00fchwegboden and Hermagor lead via the Anna Chapel to this hidden place at the foot of the Guggenberg.<strong><br \/>\n<\/strong><\/p>\n<p><a href=\"https:\/\/de.wikipedia.org\/wiki\/Gail\">Hiking short description<\/a><\/p>\n<h3><strong>Art &amp; Culture<\/strong><\/h3>\n<p><a href=\"http:\/\/www.gailtal-art.com\"><img loading=\"lazy\" decoding=\"async\" class=\"alignnone wp-image-1074\" src=\"https:\/\/unsermuehlbach.at\/wp-content\/uploads\/2021\/04\/Gailtal-Art-Logo-300x300.jpg\" alt=\"\" width=\"82\" height=\"82\" srcset=\"https:\/\/unsermuehlbach.at\/wp-content\/uploads\/2021\/04\/Gailtal-Art-Logo-300x300.jpg 300w, https:\/\/unsermuehlbach.at\/wp-content\/uploads\/2021\/04\/Gailtal-Art-Logo-150x150.jpg 150w, https:\/\/unsermuehlbach.at\/wp-content\/uploads\/2021\/04\/Gailtal-Art-Logo-12x12.jpg 12w, https:\/\/unsermuehlbach.at\/wp-content\/uploads\/2021\/04\/Gailtal-Art-Logo.jpg 400w\" sizes=\"auto, (max-width: 82px) 100vw, 82px\" \/><\/a><\/p>\n<p><strong>Gailtal Art Symposium<\/strong>, <strong>Art symposium, annual 2004 to 2013, <\/strong><a href=\"http:\/\/www.gailtal-art.com\/\">gailtal-art<\/a><\/p>\n<p><a href=\"http:\/\/wulfeniaartclub.wordpress.com\"><img loading=\"lazy\" decoding=\"async\" class=\"alignnone wp-image-59\" src=\"https:\/\/unsermuehlbach.at\/wp-content\/uploads\/2021\/03\/wu-art-club-klein-web-300x296.png\" alt=\"\" width=\"94\" height=\"93\" srcset=\"https:\/\/unsermuehlbach.at\/wp-content\/uploads\/2021\/03\/wu-art-club-klein-web-300x296.png 300w, https:\/\/unsermuehlbach.at\/wp-content\/uploads\/2021\/03\/wu-art-club-klein-web-150x150.png 150w, https:\/\/unsermuehlbach.at\/wp-content\/uploads\/2021\/03\/wu-art-club-klein-web.png 315w\" sizes=\"auto, (max-width: 94px) 100vw, 94px\" \/><\/a><\/p>\n<p><a href=\"http:\/\/wulfeniaartclub.wordpress.com\"><strong>Wulfenia Art Club<\/strong><\/a><\/p>\n<p><strong><a href=\"http:\/\/www.erinnern-gailtal.at\/\">Remember Gailtal, Association<\/a><br \/>\n<\/strong><\/p>\n<p><a href=\"http:\/\/unsermuehlbach.at\/en\/\"><img loading=\"lazy\" decoding=\"async\" class=\"alignnone wp-image-1073\" src=\"https:\/\/unsermuehlbach.at\/wp-content\/uploads\/2021\/04\/unser-muehlbach-logo-1-300x89.png\" alt=\"\" width=\"201\" height=\"60\" \/><\/a><\/p>\n<p><a href=\"http:\/\/unsermuehlbach.at\/en\/\"><strong>Our millstream<\/strong><\/a><\/p>\n<p><strong><a href=\"https:\/\/unsermuehlbach.at\/en\/das-kunstprojekt\/\">Art actions for the Hermagor M\u00fchlbach 2021<\/a><br \/>\n<\/strong><\/p>\n<p><a href=\"http:\/\/rettetdenmuehlbach.wordpress.com\"><img loading=\"lazy\" decoding=\"async\" class=\"alignnone wp-image-869\" src=\"https:\/\/unsermuehlbach.at\/wp-content\/uploads\/2021\/04\/rettet-den-muehlbach-logo-300x89.png\" alt=\"Rettet den M\u00fchlbach Logo\" width=\"206\" height=\"61\" \/><\/a><\/p>\n<p><strong>Citizens' Initiative Save the M\u00fchlbach <\/strong><a href=\"http:\/\/rettetdenmuehlbach.wordpress.com\">savethemuehlbach.wordpress.com<\/a><\/p>\n<p><a href=\"https:\/\/www.facebook.com\/groups\/brudermuehlbach\/\"><strong>Facebook Group \"Our Brother M\u00fchlbach<\/strong><\/a><\/p>\n<p><a href=\"http:\/\/gailtalnetz.wordpress.com\"><img loading=\"lazy\" decoding=\"async\" class=\"alignnone size-full wp-image-437\" src=\"https:\/\/unsermuehlbach.at\/wp-content\/uploads\/2021\/03\/logo-gailtalnetz-kl1.jpg\" alt=\"logo-gailtalnetz-kl1\" width=\"198\" height=\"79\" \/><\/a><\/p>\n<p><a href=\"http:\/\/gailtalnetz.wordpress.com\"><strong>Gailtalnetz, <\/strong>independent cultural portal &amp; database for the Gail, Gitsch and Lesachtal valleys<\/a><\/p>\n<p>&nbsp;<\/p>\n<p><iframe loading=\"lazy\" title=\"The Stocksteinerwandweg - an exploration in September 2017\" width=\"1080\" height=\"608\" src=\"https:\/\/www.youtube.com\/embed\/rqQ5sFmaIgE?feature=oembed\"  allow=\"accelerometer; autoplay; clipboard-write; encrypted-media; gyroscope; picture-in-picture\" allowfullscreen><\/iframe><\/p>\n<h4><\/h4>","protected":false},"excerpt":{"rendered":"<p>Basisinformationen samt &#8222;Gew\u00e4sser-Glossar&#8220; Die folgenden Materialien wurden vom Gailtalnetz erstellt. &nbsp; Hermagor (offiziell) www.hermagor.at Google Maps, Lage bzw. Koordinaten Wikipedia \u00c4mter &amp; Beh\u00f6rden BH Hermagor, Abteilung Wasserrecht Landeshauptmann f\u00fcr K\u00e4rnten Alpenverein, Sektion Hermagor B\u00fcrgermeister, Hermagor Tourismusb\u00fcro Hermagor Stadtmarketing, Hermagor Referate seit der Neuwahl (ab April 2021) B\u00fcrgermeister Leopold Astner (\u00d6VP): \u2028Finanzverwaltung, Verm\u00f6gensverwaltung, Personal, Raumordnung und [&hellip;]<\/p>","protected":false},"author":3,"featured_media":0,"parent":0,"menu_order":1,"comment_status":"open","ping_status":"open","template":"","meta":{"_acf_changed":false,"_et_pb_use_builder":"","_et_pb_old_content":"","_et_gb_content_width":"","footnotes":""},"class_list":["post-8","page","type-page","status-publish","hentry"],"acf":[],"_links":{"self":[{"href":"https:\/\/unsermuehlbach.at\/en\/wp-json\/wp\/v2\/pages\/8","targetHints":{"allow":["GET"]}}],"collection":[{"href":"https:\/\/unsermuehlbach.at\/en\/wp-json\/wp\/v2\/pages"}],"about":[{"href":"https:\/\/unsermuehlbach.at\/en\/wp-json\/wp\/v2\/types\/page"}],"author":[{"embeddable":true,"href":"https:\/\/unsermuehlbach.at\/en\/wp-json\/wp\/v2\/users\/3"}],"replies":[{"embeddable":true,"href":"https:\/\/unsermuehlbach.at\/en\/wp-json\/wp\/v2\/comments?post=8"}],"version-history":[{"count":5,"href":"https:\/\/unsermuehlbach.at\/en\/wp-json\/wp\/v2\/pages\/8\/revisions"}],"predecessor-version":[{"id":1159,"href":"https:\/\/unsermuehlbach.at\/en\/wp-json\/wp\/v2\/pages\/8\/revisions\/1159"}],"wp:attachment":[{"href":"https:\/\/unsermuehlbach.at\/en\/wp-json\/wp\/v2\/media?parent=8"}],"curies":[{"name":"wp","href":"https:\/\/api.w.org\/{rel}","templated":true}]}}