{"id":75,"date":"2021-03-26T06:50:38","date_gmt":"2021-03-26T06:50:38","guid":{"rendered":"https:\/\/unsermuehlbach.at\/?page_id=75"},"modified":"2021-04-14T21:10:05","modified_gmt":"2021-04-14T19:10:05","slug":"unterschriften","status":"publish","type":"page","link":"https:\/\/unsermuehlbach.at\/en\/buergerinitiative\/unterschriften\/","title":{"rendered":"Signatures"},"content":{"rendered":"<p>Signatures are being collected:<\/p>\r\n\r\n\r\n\r\n<ol class=\"wp-block-list\">\r\n<li>for the restoration and preservation of the millstream contact:<a href=\"https:\/\/unsermuehlbach.at\/en\/kontakt-impressum\/\"> Ulrike Maturana Domainko<\/a>, Hermagor<\/li>\r\n<li>for a sensitive design of the Hermagor Sch\u00fctzenpark and for the preservation of the venerable park as a natural oasis of recreation (first of all signatures of the residents will be collected), contact: <a href=\"https:\/\/unsermuehlbach.at\/en\/kontakt-impressum\/\">DI Helmut Wurian<\/a>, Hermagor<\/li>\r\n<\/ol>\r\n\r\n\r\n\r\n\r\n\r\n<p>We collect comments, opinions, suggestions and artistic contributions, in short everything that supports the good cause, and we also like to publish articles by other authors here.<\/p>\r\n\r\n\r\n\r\n<p>Please send letters to <a href=\"https:\/\/unsermuehlbach.at\/en\/kontakt-impressum\/\">Lygia Simetzberger<\/a>.<\/p>\r\n\r\n\r\n\r\n<p>&nbsp;<\/p>\r\n\r\n\r\n\r\n<figure class=\"wp-block-image size-large\"><img loading=\"lazy\" decoding=\"async\" width=\"1024\" height=\"576\" class=\"wp-image-200\" src=\"https:\/\/unsermuehlbach.at\/wp-content\/uploads\/2021\/03\/IMG_1841-1024x576.jpg\" alt=\"\" srcset=\"https:\/\/unsermuehlbach.at\/wp-content\/uploads\/2021\/03\/IMG_1841-1024x576.jpg 1024w, https:\/\/unsermuehlbach.at\/wp-content\/uploads\/2021\/03\/IMG_1841-300x169.jpg 300w, https:\/\/unsermuehlbach.at\/wp-content\/uploads\/2021\/03\/IMG_1841-768x432.jpg 768w, https:\/\/unsermuehlbach.at\/wp-content\/uploads\/2021\/03\/IMG_1841-1536x865.jpg 1536w, https:\/\/unsermuehlbach.at\/wp-content\/uploads\/2021\/03\/IMG_1841-2048x1153.jpg 2048w\" sizes=\"auto, (max-width: 1024px) 100vw, 1024px\" \/><\/figure>","protected":false},"excerpt":{"rendered":"<p>Unterschriften werden gesammelt: f\u00fcr die Wiederherstellung und Bewahrung des M\u00fchlbachs Kontakt: Ulrike Maturana Domainko, Hermagor f\u00fcr eine gef\u00fchlvolle Gestaltung des Hermagorer Sch\u00fctzenparks und f\u00fcr die Erhaltung des ehrw\u00fcrdigen Parks als nat\u00fcrliche Erholungsoase (zun\u00e4chst werden Unterschriften der Anrainer gesammelt), Kontakt: DI Helmut Wurian, Hermagor Wir sammeln Kommentare, Stellungnahmen, Anregungen und k\u00fcnstlerische Beitr\u00e4ge, kurzum alles, was die [&hellip;]<\/p>","protected":false},"author":3,"featured_media":0,"parent":21,"menu_order":0,"comment_status":"closed","ping_status":"closed","template":"","meta":{"_acf_changed":false,"_et_pb_use_builder":"","_et_pb_old_content":"","_et_gb_content_width":"","footnotes":""},"class_list":["post-75","page","type-page","status-publish","hentry"],"acf":[],"_links":{"self":[{"href":"https:\/\/unsermuehlbach.at\/en\/wp-json\/wp\/v2\/pages\/75","targetHints":{"allow":["GET"]}}],"collection":[{"href":"https:\/\/unsermuehlbach.at\/en\/wp-json\/wp\/v2\/pages"}],"about":[{"href":"https:\/\/unsermuehlbach.at\/en\/wp-json\/wp\/v2\/types\/page"}],"author":[{"embeddable":true,"href":"https:\/\/unsermuehlbach.at\/en\/wp-json\/wp\/v2\/users\/3"}],"replies":[{"embeddable":true,"href":"https:\/\/unsermuehlbach.at\/en\/wp-json\/wp\/v2\/comments?post=75"}],"version-history":[{"count":5,"href":"https:\/\/unsermuehlbach.at\/en\/wp-json\/wp\/v2\/pages\/75\/revisions"}],"predecessor-version":[{"id":986,"href":"https:\/\/unsermuehlbach.at\/en\/wp-json\/wp\/v2\/pages\/75\/revisions\/986"}],"up":[{"embeddable":true,"href":"https:\/\/unsermuehlbach.at\/en\/wp-json\/wp\/v2\/pages\/21"}],"wp:attachment":[{"href":"https:\/\/unsermuehlbach.at\/en\/wp-json\/wp\/v2\/media?parent=75"}],"curies":[{"name":"wp","href":"https:\/\/api.w.org\/{rel}","templated":true}]}}