{"id":62,"date":"2021-03-19T22:05:07","date_gmt":"2021-03-19T21:05:07","guid":{"rendered":"https:\/\/hermagorkunstnatur.wordpress.com\/?page_id=62"},"modified":"2022-01-22T16:36:59","modified_gmt":"2022-01-22T14:36:59","slug":"das-kunstprojekt","status":"publish","type":"page","link":"https:\/\/unsermuehlbach.at\/en\/das-kunstprojekt\/","title":{"rendered":"The dual art project for the millstream"},"content":{"rendered":"<figure class=\"wp-block-embed is-type-video is-provider-youtube wp-block-embed-youtube wp-embed-aspect-16-9 wp-has-aspect-ratio\">\r\n<h2 class=\"wp-block-embed__wrapper\">\u00a0\u00a0\u00a0 <img loading=\"lazy\" decoding=\"async\" class=\"alignnone  wp-image-59\" src=\"https:\/\/unsermuehlbach.at\/wp-content\/uploads\/2021\/03\/wu-art-club-klein-web-300x296.png\" alt=\"\" width=\"92\" height=\"90\" srcset=\"https:\/\/unsermuehlbach.at\/wp-content\/uploads\/2021\/03\/wu-art-club-klein-web-300x296.png 300w, https:\/\/unsermuehlbach.at\/wp-content\/uploads\/2021\/03\/wu-art-club-klein-web.png 315w\" sizes=\"auto, (max-width: 92px) 100vw, 92px\" \/> \u00a0 An initiative of the Hermagor artists' association<\/h2>\r\n<\/figure>\r\n\r\n\r\n\r\n<div class=\"wp-block-group alignfull has-background-background-color has-background\">\r\n<div class=\"wp-block-group__inner-container is-layout-flow wp-block-group-is-layout-flow\">\r\n<p class=\"has-text-align-left\"><strong>The Hermagorer M\u00fchlbach has been carrying less and less water in recent years and has dried up altogether since 2020. <\/strong><\/p>\r\n<p class=\"has-text-align-left\">An <strong>Citizens' Initiative<\/strong> has been campaigning for the preservation of the M\u00fchlbach since 2016. The facts are on the page of the citizens' initiative <strong><a href=\"http:\/\/rettetdenmuehlbach.wordpress.com\">Save the M\u00fchlbach in Hermagor<\/a><\/strong> documented.<br \/><a href=\"http:\/\/rettetdenmuehlbach.wordpress.com\"><img loading=\"lazy\" decoding=\"async\" class=\"wp-image-869 alignright\" src=\"https:\/\/unsermuehlbach.at\/wp-content\/uploads\/2021\/04\/rettet-den-muehlbach-logo-300x89.png\" alt=\"Rettet den M\u00fchlbach Logo\" width=\"203\" height=\"60\" \/><\/a>There's a<a href=\"https:\/\/unsermuehlbach.at\/en\/cbxpetition\/rettet-den-muehlbach\/\"> <strong>Online petition <\/strong><\/a>this citizens' initiative with the wish to restore the Hermagorer M\u00fchlbach and to preserve this jewel for future generations.<\/p>\r\n<p class=\"has-text-align-left\">The<strong> Hermagor artists<\/strong> decided to set a sign and asked artists and cultural workers to send messages to the M\u00fchlbach and at the same time organize the art action PRO M\u00dcHLBACH in Hermagor at the M\u00fchlbach, which will start on 25 June 2021 with an evening vernissage with music and performance.<br \/><br \/><\/p>\r\n<p>&nbsp;<\/p>\r\n<h2 class=\"has-text-align-center has-medium-font-size\"><strong>Dual art action for the M\u00fchlbach 2021<br \/><br \/><\/strong><\/h2>\r\n<p><img loading=\"lazy\" decoding=\"async\" class=\"size-medium wp-image-1248 alignleft\" src=\"https:\/\/unsermuehlbach.at\/wp-content\/uploads\/2021\/05\/unser-muehlbach-botschaften-logo-_klein-300x89.png\" alt=\"\" width=\"300\" height=\"89\" \/><\/p>\r\n\r\n\r\n\r\n<h3><strong><a href=\"https:\/\/hermagorkunstnatur.wordpress.com\/\">Messages to the M\u00fchlbach<\/a><\/strong><\/h3>\r\n<p><a href=\"https:\/\/hermagorkunstnatur.wordpress.com\/\"><strong>hermagorkunstnatur.wordpress.com<\/strong><\/a><\/p>\r\n<p>These digital messages from near and far come from nature-loving artists and cultural workers who want the Hermagor M\u00fchlbach to flow again.<\/p>\r\n<p>She is known as <strong>Online gallery<\/strong> with a separate page dedicated to each contribution.<\/p>\r\n<p><strong>Messages to the M\u00fchlbach<\/strong> <a href=\"https:\/\/hermagorkunstnatur.wordpress.com\/\"><strong>hermagorkunstnatur.wordpress.com.<\/strong><\/a><\/p>\r\n<p>All contributions that have reached us by <strong>30 May 2021<\/strong> are available in an abridged version as<\/p>\r\n<p><strong>Slideshow \"Messages to the M\u00fchlbach\".<\/strong><\/p>\r\n<p>to be seen, namely<\/p>\r\n<ul>\r\n<li>in Hermagor's city centre from the beginning of June to mid-July 2021 in some premises and<\/li>\r\n<li>on this website, also in musically accompanied versions<\/li>\r\n<\/ul>\r\n<p>This<strong> Slideshow<\/strong> lief in der Hermagorer Innenstadt<\/p>\r\n<ul>\r\n<li>at Markus Wagenhofer, Hauptstra\u00dfe 20, in the shop window of his gallery<\/li>\r\n<li>in the house Pilz, Sch\u00fctzenparkgasse 3, opposite the Sch\u00fctzenpark<\/li>\r\n<li>at the K\u00e4rntner Sparkasse<\/li>\r\n<li>bei der Raiffeisen Bezirksbank <\/li>\r\n<\/ul>\r\n<p>Below you can see <a href=\"https:\/\/youtu.be\/vBfG4rSmQIc\">the web variant Slideshow<\/a> in the player (with background music).<br \/><a href=\"https:\/\/youtu.be\/l612xcXraMk\">Here<\/a> nor a leisurely, musically underscored version. <a href=\"https:\/\/youtu.be\/LTlZQG1i-dA\">Here<\/a> the versioin that will be shown before and during the local PRO M\u00dcHLBACH event; that is, from now until about mid-July 2021.<\/p>\r\n<p><iframe loading=\"lazy\" title=\"Messages to the M\u00fchlbach EF CityV with TON\" width=\"1080\" height=\"608\" src=\"https:\/\/www.youtube.com\/embed\/vBfG4rSmQIc?feature=oembed\"  allow=\"accelerometer; autoplay; clipboard-write; encrypted-media; gyroscope; picture-in-picture\" allowfullscreen><\/iframe><\/p>\r\n<p>&nbsp;<\/p>\r\n<p><a href=\"https:\/\/unsermuehlbach.at\/en\/kontakt-impressum-2\/\">Contact: <strong>Gia Simetzberger<\/strong><\/a><\/p>\r\n<p><img loading=\"lazy\" decoding=\"async\" class=\"wp-image-1250 alignleft\" src=\"https:\/\/unsermuehlbach.at\/wp-content\/uploads\/2021\/05\/pro_muehlbach_512x152-300x89.jpg\" alt=\"\" width=\"192\" height=\"57\" \/><\/p>\r\n<h3>\u00a0<\/h3>\r\n<h3>\u00a0<\/h3>\r\n<h3><strong>PRO M\u00dcHLBACH<\/strong><\/h3>\r\n<p>In Hermagor fand im Juni und Juli 2021 eine <strong>collective artistic event<\/strong> unter diesem Namen statt. Namhafte K\u00e4rntner K\u00fcnstler beteiligten sich. Es wurden <strong>Object art<\/strong> and <strong>Land Art Objects<\/strong> shown.<\/p>\r\n<p>Organisationsteam: Herbert Unterberger, Engelbert Obernosterer, Inge Lasser<\/p>\r\n<p>Artistic direction:<a href=\"https:\/\/unsermuehlbach.at\/en\/kontakt-impressum-2\/\"> <strong>Inge Lasser<\/strong>, Obervellach near Hermagor.<\/a><\/p>\r\n<h3>The <strong>Vernissage <\/strong><\/h3>\r\n<h3><strong>M\u00dcHLBACHPHANTASIES - PRO M\u00dcHLBACH <\/strong><\/h3>\r\n<p>took place on <strong>Friday, June 25, 2021, beginning at 6:00 p.m., at the Sch\u00fctzenpark in Hermagor,<\/strong> is taking place.<\/p>\r\n<p>Sie wurde mit literarischen Worten und M;usik umrahmt und hatte teilweise auch performanceartigen Charakter.<\/p>\r\n<p><a href=\"https:\/\/unsermuehlbach.at\/en\/kunst-kultur\/pro-muhlbach\/\"><strong>More about it here.<\/strong><\/a><\/p>\r\n<h3><strong>The motives<\/strong><\/h3>\r\n\r\n\r\n\r\n<p class=\"has-text-align-left\">Beide Aktionen sind als Reaktion auf den untragbaren, nun schon viele Jahre dauernden Zustand zu verstehen, \u00fcber den in der Region Fassungslosigkeit herrscht. Seit einem Jahr ist das Bachbett v\u00f6llig ausgetrocknet.<\/p>\r\n<p class=\"has-text-align-left\">For centuries the Hermagor M\u00fchlbach has been the secret <strong>Hermagors landmark<\/strong>. The inhabitants of Hermagor call it a jewel, indeed they consider it the soul of the village. Until recently, no one in the village could have imagined that it would one day have no water.<\/p>\r\n<p>Nach dem Informationsstand Juni 2021 wird nun auf Beamtenebene (Land und Gemeinde) an einer konkreten L\u00f6sung gearbeitet. Der M\u00fchlbach soll wieder rinnen, da sind sich Land und Gemeinde auch sicher, es geht also im Grunde genommen nur mehr um das Ob, sondern um das Wann f\u00fcr unseren geliebten M\u00fchlbach. (J\u00e4nner 2022: Es gibt nichts Neues.)<\/p>\r\n<p>&nbsp;<\/p>\r\n<p><img loading=\"lazy\" decoding=\"async\" class=\"alignnone size-medium wp-image-1192 aligncenter\" src=\"https:\/\/unsermuehlbach.at\/wp-content\/uploads\/2021\/05\/IMG_7540giasimetzberger-300x225.jpg\" alt=\"\" width=\"300\" height=\"225\" \/><\/p>\r\n<p style=\"text-align: center;\"><em>\"Merrily we sail through the night (K.N. 12),\" a musical offering to the millstream by MIHA<br \/><\/em><a href=\"https:\/\/hermagorkunstnatur.wordpress.com\/kuenstler-botschaft-werke\/miha\/\">MIHA's message to the millstream<\/a><\/p>\r\n<p><em>\r\n\r\n<\/em><\/p>\r\n\r\n\r\n\r\n<audio class=\"wp-audio-shortcode\" id=\"audio-62-1\" preload=\"none\" style=\"width: 100%;\" controls=\"controls\"><source type=\"audio\/mpeg\" src=\"https:\/\/unsermuehlbach.at\/wp-content\/uploads\/2021\/05\/K.N.-12.mp3?_=1\" \/><a href=\"https:\/\/unsermuehlbach.at\/wp-content\/uploads\/2021\/05\/K.N.-12.mp3\">https:\/\/unsermuehlbach.at\/wp-content\/uploads\/2021\/05\/K.N.-12.mp3<\/a><\/audio>\r\n<h3>\r\n\r\n<\/h3>\r\n<p style=\"text-align: center;\">\u00a0<\/p>\r\n<h3 class=\"has-text-align-center has-medium-font-size\"><strong>The language of art <\/strong><\/h3>\r\n\r\n\r\n\r\n<p class=\"has-text-align-left\">With their lyrics, songs, photographs, videos and other works, the artists in the <strong>Messages to the M\u00fchlbach<\/strong> their <strong>Connectedness to nature <\/strong>off.<\/p>\r\n<p class=\"has-text-align-left\">They sit down apolitically <strong>for the preservation of this treasure<\/strong> on.<\/p>\r\n<p>There is a<strong> clear dividing line between the actionism of the citizens' initiative and the two art actions.<\/strong> In the latter, the focus is on artistic expression and the relationship with nature.<\/p>\r\n<p class=\"has-text-align-left\"><img loading=\"lazy\" decoding=\"async\" class=\"wp-image-1330 size-large aligncenter\" src=\"https:\/\/unsermuehlbach.at\/wp-content\/uploads\/2021\/06\/Einladung-Kunstaktion-A4-v6-724x1024.png\" alt=\"\" width=\"724\" height=\"1024\" \/><\/p>\r\n<\/div>\r\n<\/div>\r\n\r\n\r\n\r\n\r\n\r\n<figure class=\"wp-block-embed is-type-video is-provider-youtube wp-block-embed-youtube wp-embed-aspect-4-3 wp-has-aspect-ratio\">\r\n<div class=\"wp-block-embed__wrapper\">\u00a0<\/div>\r\n<\/figure>\r\n\r\n\r\n\r\n<div class=\"wp-block-group alignfull has-background-light-background-color has-background\">\r\n<div class=\"wp-block-group__inner-container is-layout-flow wp-block-group-is-layout-flow\">\r\n<div class=\"wp-block-jetpack-layout-grid alignfull column1-desktop-grid__span-8 column1-desktop-grid__start-3 column1-desktop-grid__row-1 column1-tablet-grid__span-8 column1-tablet-grid__row-1 column1-mobile-grid__span-4 column1-mobile-grid__row-1\">\r\n<div class=\"wp-block-jetpack-layout-grid-column wp-block-jetpack-layout-grid__padding-none\"><hr class=\"wp-block-separator\" \/>\r\n\r\n\r\n<p class=\"has-text-align-center\" style=\"font-size: 28px;\"><em><em>Water always finds its way.<\/em><\/em><\/p>\r\n\r\n\r\n\r\n<p class=\"has-text-align-center has-small-font-size\">Hans Egger, Hermagor<\/p>\r\n\r\n\r\n<hr class=\"wp-block-separator\" \/>\r\n\r\n\r\n<h3 class=\"has-text-align-center\"><strong>Water vortex in the Hermagorer M\u00fchlbach, 2007<br \/><\/strong><\/h3>\r\n\r\n\r\n\r\n<figure class=\"wp-block-image\"><img decoding=\"async\" class=\"wp-image-3986\" src=\"https:\/\/reflexionen.files.wordpress.com\/2018\/01\/cimg3691-animation.gif\" alt=\"CIMG3691-ANIMATION.gif\" \/><\/figure>\r\n\r\n\r\n\r\n<p class=\"has-small-font-size\">GIF by Gia Simetzberger<\/p>\r\n<\/div>\r\n<\/div>\r\n<\/div>\r\n<\/div>","protected":false},"excerpt":{"rendered":"<p>Der Hermagorer M\u00fchlbach f\u00fchrte in den letzten Jahren immer weniger Wasser und ist seit dem Jahr 2020 \u00fcberhaupt versiegt. Eine B\u00fcrgerinitiative setzt sich schon seit 2016 f\u00fcr die Erhaltung des M\u00fchlbachs ein. Die Fakten sind auf der Seite der B\u00fcrgerinitiative Rettet den M\u00fchlbach in Hermagor dokumentiert.Es l\u00e4uft eine Online-Petition dieser B\u00fcrgerinitiative mit dem Wunsch, den [&hellip;]<\/p>","protected":false},"author":3,"featured_media":0,"parent":0,"menu_order":0,"comment_status":"closed","ping_status":"closed","template":"","meta":{"_acf_changed":false,"_et_pb_use_builder":"","_et_pb_old_content":"","_et_gb_content_width":"","footnotes":""},"class_list":["post-62","page","type-page","status-publish","hentry"],"acf":[],"_links":{"self":[{"href":"https:\/\/unsermuehlbach.at\/en\/wp-json\/wp\/v2\/pages\/62","targetHints":{"allow":["GET"]}}],"collection":[{"href":"https:\/\/unsermuehlbach.at\/en\/wp-json\/wp\/v2\/pages"}],"about":[{"href":"https:\/\/unsermuehlbach.at\/en\/wp-json\/wp\/v2\/types\/page"}],"author":[{"embeddable":true,"href":"https:\/\/unsermuehlbach.at\/en\/wp-json\/wp\/v2\/users\/3"}],"replies":[{"embeddable":true,"href":"https:\/\/unsermuehlbach.at\/en\/wp-json\/wp\/v2\/comments?post=62"}],"version-history":[{"count":5,"href":"https:\/\/unsermuehlbach.at\/en\/wp-json\/wp\/v2\/pages\/62\/revisions"}],"predecessor-version":[{"id":1402,"href":"https:\/\/unsermuehlbach.at\/en\/wp-json\/wp\/v2\/pages\/62\/revisions\/1402"}],"wp:attachment":[{"href":"https:\/\/unsermuehlbach.at\/en\/wp-json\/wp\/v2\/media?parent=62"}],"curies":[{"name":"wp","href":"https:\/\/api.w.org\/{rel}","templated":true}]}}