{"id":499,"date":"2021-03-29T14:19:19","date_gmt":"2021-03-29T12:19:19","guid":{"rendered":"https:\/\/hermagorkunstnatur.wordpress.com\/?page_id=499"},"modified":"2021-04-06T21:36:39","modified_gmt":"2021-04-06T21:36:39","slug":"christin-breuil-pala","status":"publish","type":"page","link":"https:\/\/unsermuehlbach.at\/en\/kuenstler-botschaft-werke\/christin-breuil-pala\/","title":{"rendered":"Christin Breuil Pala"},"content":{"rendered":"<div style=\"height:64px;\" aria-hidden=\"true\" class=\"wp-block-spacer\"><\/div>\n\n\n\n<div class=\"wp-block-group alignfull\"><div class=\"wp-block-group__inner-container is-layout-flow wp-block-group-is-layout-flow\">\n<div class=\"wp-block-jetpack-layout-grid alignfull column1-desktop-grid__span-3 column1-desktop-grid__start-2 column1-desktop-grid__row-1 column2-desktop-grid__span-6 column2-desktop-grid__start-6 column2-desktop-grid__row-1 column1-tablet-grid__span-3 column1-tablet-grid__row-1 column2-tablet-grid__span-5 column2-tablet-grid__start-4 column2-tablet-grid__row-1 column1-mobile-grid__span-4 column1-mobile-grid__row-1 column2-mobile-grid__span-4 column2-mobile-grid__row-2\">\n<div class=\"wp-block-jetpack-layout-grid-column wp-block-jetpack-layout-grid__padding-none\">\n<figure class=\"wp-block-image size-large is-style-circle-mask\"><a href=\"https:\/\/unsermuehlbach.at\/wp-content\/uploads\/2021\/03\/portrait-2.jpeg\" data-lbwps-width=\"480\" data-lbwps-height=\"640\" data-lbwps-srcsmall=\"https:\/\/unsermuehlbach.at\/wp-content\/uploads\/2021\/03\/portrait-2.jpeg\"><img loading=\"lazy\" decoding=\"async\" width=\"480\" height=\"640\" src=\"https:\/\/unsermuehlbach.at\/wp-content\/uploads\/2021\/03\/portrait-2.jpeg?w=480\" alt=\"\" class=\"wp-image-528\" srcset=\"https:\/\/unsermuehlbach.at\/wp-content\/uploads\/2021\/03\/portrait-2.jpeg 480w, https:\/\/unsermuehlbach.at\/wp-content\/uploads\/2021\/03\/portrait-2-225x300.jpeg 225w\" sizes=\"auto, (max-width: 480px) 100vw, 480px\" \/><\/a><\/figure>\n\n\n\n<p class=\"has-normal-font-size\"><a href=\"http:\/\/www.christinsatelier.com\">Christins Atelier<\/a><\/p>\n\n\n\n<p><a href=\"https:\/\/www.christinsatelier.com\/\">https:\/\/www.christinsatelier.com\/<\/a><\/p>\n\n\n\n<div class=\"wp-block-jetpack-contact-info\">\n<div class=\"wp-block-jetpack-email\"><a href=\"mailto:christinpala@gmail.com\">christinpala@gmail.com<\/a><\/div>\n\n\n\n<div class=\"wp-block-jetpack-phone\"><a href=\"tel:+4367683322758\">+43 676 833 22 758<\/a><\/div>\n<\/div>\n\n\n\n<ul class=\"wp-block-social-links is-layout-flex wp-block-social-links-is-layout-flex\">\n\n<li class=\"wp-social-link wp-social-link-facebook  wp-block-social-link\"><a href=\"https:\/\/facebook.com\" class=\"wp-block-social-link-anchor\"><svg width=\"24\" height=\"24\" viewbox=\"0 0 24 24\" version=\"1.1\" xmlns=\"http:\/\/www.w3.org\/2000\/svg\" aria-hidden=\"true\" focusable=\"false\"><path d=\"M12 2C6.5 2 2 6.5 2 12c0 5 3.7 9.1 8.4 9.9v-7H7.9V12h2.5V9.8c0-2.5 1.5-3.9 3.8-3.9 1.1 0 2.2.2 2.2.2v2.5h-1.3c-1.2 0-1.6.8-1.6 1.6V12h2.8l-.4 2.9h-2.3v7C18.3 21.1 22 17 22 12c0-5.5-4.5-10-10-10z\"><\/path><\/svg><span class=\"wp-block-social-link-label screen-reader-text\">Facebook<\/span><\/a><\/li>\n\n<li class=\"wp-social-link wp-social-link-twitter  wp-block-social-link\"><a href=\"https:\/\/twitter.com\" class=\"wp-block-social-link-anchor\"><svg width=\"24\" height=\"24\" viewbox=\"0 0 24 24\" version=\"1.1\" xmlns=\"http:\/\/www.w3.org\/2000\/svg\" aria-hidden=\"true\" focusable=\"false\"><path d=\"M22.23,5.924c-0.736,0.326-1.527,0.547-2.357,0.646c0.847-0.508,1.498-1.312,1.804-2.27 c-0.793,0.47-1.671,0.812-2.606,0.996C18.324,4.498,17.257,4,16.077,4c-2.266,0-4.103,1.837-4.103,4.103 c0,0.322,0.036,0.635,0.106,0.935C8.67,8.867,5.647,7.234,3.623,4.751C3.27,5.357,3.067,6.062,3.067,6.814 c0,1.424,0.724,2.679,1.825,3.415c-0.673-0.021-1.305-0.206-1.859-0.513c0,0.017,0,0.034,0,0.052c0,1.988,1.414,3.647,3.292,4.023 c-0.344,0.094-0.707,0.144-1.081,0.144c-0.264,0-0.521-0.026-0.772-0.074c0.522,1.63,2.038,2.816,3.833,2.85 c-1.404,1.1-3.174,1.756-5.096,1.756c-0.331,0-0.658-0.019-0.979-0.057c1.816,1.164,3.973,1.843,6.29,1.843 c7.547,0,11.675-6.252,11.675-11.675c0-0.178-0.004-0.355-0.012-0.531C20.985,7.47,21.68,6.747,22.23,5.924z\"><\/path><\/svg><span class=\"wp-block-social-link-label screen-reader-text\">Twitter<\/span><\/a><\/li>\n\n<li class=\"wp-social-link wp-social-link-instagram  wp-block-social-link\"><a href=\"https:\/\/instagram.com\" class=\"wp-block-social-link-anchor\"><svg width=\"24\" height=\"24\" viewbox=\"0 0 24 24\" version=\"1.1\" xmlns=\"http:\/\/www.w3.org\/2000\/svg\" aria-hidden=\"true\" focusable=\"false\"><path d=\"M12,4.622c2.403,0,2.688,0.009,3.637,0.052c0.877,0.04,1.354,0.187,1.671,0.31c0.42,0.163,0.72,0.358,1.035,0.673 c0.315,0.315,0.51,0.615,0.673,1.035c0.123,0.317,0.27,0.794,0.31,1.671c0.043,0.949,0.052,1.234,0.052,3.637 s-0.009,2.688-0.052,3.637c-0.04,0.877-0.187,1.354-0.31,1.671c-0.163,0.42-0.358,0.72-0.673,1.035 c-0.315,0.315-0.615,0.51-1.035,0.673c-0.317,0.123-0.794,0.27-1.671,0.31c-0.949,0.043-1.233,0.052-3.637,0.052 s-2.688-0.009-3.637-0.052c-0.877-0.04-1.354-0.187-1.671-0.31c-0.42-0.163-0.72-0.358-1.035-0.673 c-0.315-0.315-0.51-0.615-0.673-1.035c-0.123-0.317-0.27-0.794-0.31-1.671C4.631,14.688,4.622,14.403,4.622,12 s0.009-2.688,0.052-3.637c0.04-0.877,0.187-1.354,0.31-1.671c0.163-0.42,0.358-0.72,0.673-1.035 c0.315-0.315,0.615-0.51,1.035-0.673c0.317-0.123,0.794-0.27,1.671-0.31C9.312,4.631,9.597,4.622,12,4.622 M12,3 C9.556,3,9.249,3.01,8.289,3.054C7.331,3.098,6.677,3.25,6.105,3.472C5.513,3.702,5.011,4.01,4.511,4.511 c-0.5,0.5-0.808,1.002-1.038,1.594C3.25,6.677,3.098,7.331,3.054,8.289C3.01,9.249,3,9.556,3,12c0,2.444,0.01,2.751,0.054,3.711 c0.044,0.958,0.196,1.612,0.418,2.185c0.23,0.592,0.538,1.094,1.038,1.594c0.5,0.5,1.002,0.808,1.594,1.038 c0.572,0.222,1.227,0.375,2.185,0.418C9.249,20.99,9.556,21,12,21s2.751-0.01,3.711-0.054c0.958-0.044,1.612-0.196,2.185-0.418 c0.592-0.23,1.094-0.538,1.594-1.038c0.5-0.5,0.808-1.002,1.038-1.594c0.222-0.572,0.375-1.227,0.418-2.185 C20.99,14.751,21,14.444,21,12s-0.01-2.751-0.054-3.711c-0.044-0.958-0.196-1.612-0.418-2.185c-0.23-0.592-0.538-1.094-1.038-1.594 c-0.5-0.5-1.002-0.808-1.594-1.038c-0.572-0.222-1.227-0.375-2.185-0.418C14.751,3.01,14.444,3,12,3L12,3z M12,7.378 c-2.552,0-4.622,2.069-4.622,4.622S9.448,16.622,12,16.622s4.622-2.069,4.622-4.622S14.552,7.378,12,7.378z M12,15 c-1.657,0-3-1.343-3-3s1.343-3,3-3s3,1.343,3,3S13.657,15,12,15z M16.804,6.116c-0.596,0-1.08,0.484-1.08,1.08 s0.484,1.08,1.08,1.08c0.596,0,1.08-0.484,1.08-1.08S17.401,6.116,16.804,6.116z\"><\/path><\/svg><span class=\"wp-block-social-link-label screen-reader-text\">Instagram<\/span><\/a><\/li>\n\n<li class=\"wp-social-link wp-social-link-linkedin  wp-block-social-link\"><a href=\"https:\/\/linkedin.com\" class=\"wp-block-social-link-anchor\"><svg width=\"24\" height=\"24\" viewbox=\"0 0 24 24\" version=\"1.1\" xmlns=\"http:\/\/www.w3.org\/2000\/svg\" aria-hidden=\"true\" focusable=\"false\"><path d=\"M19.7,3H4.3C3.582,3,3,3.582,3,4.3v15.4C3,20.418,3.582,21,4.3,21h15.4c0.718,0,1.3-0.582,1.3-1.3V4.3 C21,3.582,20.418,3,19.7,3z M8.339,18.338H5.667v-8.59h2.672V18.338z M7.004,8.574c-0.857,0-1.549-0.694-1.549-1.548 c0-0.855,0.691-1.548,1.549-1.548c0.854,0,1.547,0.694,1.547,1.548C8.551,7.881,7.858,8.574,7.004,8.574z M18.339,18.338h-2.669 v-4.177c0-0.996-0.017-2.278-1.387-2.278c-1.389,0-1.601,1.086-1.601,2.206v4.249h-2.667v-8.59h2.559v1.174h0.037 c0.356-0.675,1.227-1.387,2.526-1.387c2.703,0,3.203,1.779,3.203,4.092V18.338z\"><\/path><\/svg><span class=\"wp-block-social-link-label screen-reader-text\">LinkedIn<\/span><\/a><\/li>\n\n<\/ul>\n<\/div>\n\n\n\n<div class=\"wp-block-jetpack-layout-grid-column wp-block-jetpack-layout-grid__padding-none\">\n<h2 class=\"has-normal-font-size wp-block-heading\"><a href=\"https:\/\/www.christinsatelier.com\/ueber-die-kuenstlerin\">\u00dcber die K\u00fcnstlerin <\/a><\/h2>\n\n\n\n<p>Die charmante, selbstbewusste K\u00fcnstlerin stammt aus Frankreich. Sie lebt und arbeitet in <a href=\"https:\/\/de.wikipedia.org\/wiki\/Rotenturm_an_der_Pinka\">Rotenturm<\/a> im Bezirk Oberwart, Burgenland. Neben ihrem freien Schaffen als K\u00fcnstlerin malt sie auch nach Wunsch und gibt ihr K\u00f6nnen in Workshops an Erwachsene, Jugendliche und Kinder weiter.<\/p>\n\n\n\n<figure class=\"wp-block-image size-large is-resized\"><a href=\"https:\/\/hermagorkunstnatur.files.wordpress.com\/2021\/03\/carte_visite_mail.jpg\"><img loading=\"lazy\" decoding=\"async\" src=\"https:\/\/hermagorkunstnatur.files.wordpress.com\/2021\/03\/carte_visite_mail.jpg?w=227\" alt=\"\" class=\"wp-image-505\" width=\"330\" height=\"199\" \/><\/a><\/figure>\n\n\n\n<div style=\"height:32px;\" aria-hidden=\"true\" class=\"wp-block-spacer\"><\/div>\n\n\n\n<h3 class=\"wp-block-heading\">Meine Botschaft an den Hermagorer M\u00fchlbach<\/h3>\n\n\n\n<p>Wasser, unersch\u00f6pfliche Inspirationsquelle!<\/p>\n\n\n\n<p><br>Die Wasserflora wuchs in sinnenbet\u00f6render \u00dcppigkeit. Wir ruderten langsam und vorsichtig \u00fcber gro\u00dfe bl\u00fchende Wiesen. Unser Bug zerteilte Wasserlinsen und Seerosen. <\/p>\n\n\n\n<p>Etwas weiter war das graugr\u00fcne Wasser eines Kanals mit Sumpfbaldrian bedeckt. Duftschwaden von feuchtem Schlamm lagen in der Luft. Im Halbschatten summte Tausende von Insekten. <\/p>\n\n\n\n<p style=\"font-size:10px;\">Kurze Zitate, Henri Bosco \u201eDie schlafenden Wasser\u201c \u00a9 Verlag Freies Geistesleben, 1998<\/p>\n\n\n\n<p>\u2026 Das ist mein Wunsch und meine Vision f\u00fcr den Hermagorer M\u00fchlbach.<\/p>\n<\/div>\n<\/div>\n<\/div><\/div>\n\n\n\n<figure class=\"wp-block-image size-large\"><a href=\"https:\/\/unsermuehlbach.at\/wp-content\/uploads\/2021\/04\/christinwasser.png\" data-lbwps-width=\"3130\" data-lbwps-height=\"1476\" data-lbwps-srcsmall=\"https:\/\/unsermuehlbach.at\/wp-content\/uploads\/2021\/04\/christinwasser.png\"><img loading=\"lazy\" decoding=\"async\" width=\"3130\" height=\"1476\" src=\"https:\/\/unsermuehlbach.at\/wp-content\/uploads\/2021\/04\/christinwasser.png?w=1024\" alt=\"\" class=\"wp-image-580\" srcset=\"https:\/\/unsermuehlbach.at\/wp-content\/uploads\/2021\/04\/christinwasser.png 3130w, https:\/\/unsermuehlbach.at\/wp-content\/uploads\/2021\/04\/christinwasser-300x141.png 300w, https:\/\/unsermuehlbach.at\/wp-content\/uploads\/2021\/04\/christinwasser-1024x483.png 1024w, https:\/\/unsermuehlbach.at\/wp-content\/uploads\/2021\/04\/christinwasser-768x362.png 768w, https:\/\/unsermuehlbach.at\/wp-content\/uploads\/2021\/04\/christinwasser-1536x724.png 1536w, https:\/\/unsermuehlbach.at\/wp-content\/uploads\/2021\/04\/christinwasser-2048x966.png 2048w\" sizes=\"auto, (max-width: 3130px) 100vw, 3130px\" \/><\/a><\/figure>\n\n\n\n<div class=\"wp-block-file\"><a href=\"https:\/\/unsermuehlbach.at\/wp-content\/uploads\/2021\/03\/wasser.pdf\">Wasser, Christin Breuil Pala<\/a><a href=\"https:\/\/unsermuehlbach.at\/wp-content\/uploads\/2021\/03\/wasser.pdf\" class=\"wp-block-file__button\" download>Download<\/a><\/div>","protected":false},"excerpt":{"rendered":"<p>Christins Atelier https:\/\/www.christinsatelier.com\/ \u00dcber die K\u00fcnstlerin Die charmante, selbstbewusste K\u00fcnstlerin stammt aus Frankreich. Sie lebt und arbeitet in Rotenturm im Bezirk Oberwart, Burgenland. Neben ihrem freien Schaffen als K\u00fcnstlerin malt sie auch nach Wunsch und gibt ihr K\u00f6nnen in Workshops an Erwachsene, Jugendliche und Kinder weiter. Meine Botschaft an den Hermagorer M\u00fchlbach Wasser, unersch\u00f6pfliche Inspirationsquelle! [&hellip;]<\/p>","protected":false},"author":3,"featured_media":0,"parent":10,"menu_order":0,"comment_status":"closed","ping_status":"closed","template":"","meta":{"_acf_changed":false,"_et_pb_use_builder":"","_et_pb_old_content":"","_et_gb_content_width":"","footnotes":""},"class_list":["post-499","page","type-page","status-publish","hentry"],"acf":[],"_links":{"self":[{"href":"https:\/\/unsermuehlbach.at\/en\/wp-json\/wp\/v2\/pages\/499","targetHints":{"allow":["GET"]}}],"collection":[{"href":"https:\/\/unsermuehlbach.at\/en\/wp-json\/wp\/v2\/pages"}],"about":[{"href":"https:\/\/unsermuehlbach.at\/en\/wp-json\/wp\/v2\/types\/page"}],"author":[{"embeddable":true,"href":"https:\/\/unsermuehlbach.at\/en\/wp-json\/wp\/v2\/users\/3"}],"replies":[{"embeddable":true,"href":"https:\/\/unsermuehlbach.at\/en\/wp-json\/wp\/v2\/comments?post=499"}],"version-history":[{"count":1,"href":"https:\/\/unsermuehlbach.at\/en\/wp-json\/wp\/v2\/pages\/499\/revisions"}],"predecessor-version":[{"id":710,"href":"https:\/\/unsermuehlbach.at\/en\/wp-json\/wp\/v2\/pages\/499\/revisions\/710"}],"up":[{"embeddable":true,"href":"https:\/\/unsermuehlbach.at\/en\/wp-json\/wp\/v2\/pages\/10"}],"wp:attachment":[{"href":"https:\/\/unsermuehlbach.at\/en\/wp-json\/wp\/v2\/media?parent=499"}],"curies":[{"name":"wp","href":"https:\/\/api.w.org\/{rel}","templated":true}]}}