{"id":29,"date":"2021-03-25T23:10:09","date_gmt":"2021-03-25T23:10:09","guid":{"rendered":"https:\/\/unsermuehlbach.at\/?page_id=29"},"modified":"2021-04-05T09:22:08","modified_gmt":"2021-04-05T09:22:08","slug":"botschaften-an-den-muehlbach","status":"publish","type":"page","link":"https:\/\/unsermuehlbach.at\/en\/kunst-kultur\/botschaften-an-den-muehlbach\/","title":{"rendered":"Messages to the M\u00fchlbach"},"content":{"rendered":"<p class=\"has-neve-link-hover-color-color has-text-color has-medium-font-size\"><strong>An art project in the making<\/strong><\/p>\n\n\n\n<p class=\"has-neve-link-hover-color-color has-text-color has-medium-font-size\"><strong>work in progress<\/strong><\/p>\n\n\n\n<p style=\"font-size:12px\">V<em>linking currently in progress<\/em>.<\/p>\n\n\n\n<p><strong>Thank you to all the artists who show their connection with nature and a heart for the Hermagor M\u00fchlbach!<\/strong><\/p>\n\n\n\n<p><a href=\"https:\/\/hermagorkunstnatur.wordpress.com\/kuenstler-botschaft-werke\/johannes-angerbauer-goldhoff\/\">Johannes Angerbauer-Goldhoff<\/a><\/p>\n\n\n\n<p><a href=\"https:\/\/hermagorkunstnatur.wordpress.com\/kuenstler-botschaft-werke\/hans-egger\/\">Hans Egger<\/a><\/p>\n\n\n\n<p>Peter Ian Espino Capocao<\/p>\n\n\n\n<p><a href=\"https:\/\/hermagorkunstnatur.wordpress.com\/kuenstler-botschaft-werke\/hermann-fritz\/\">Hermann Fritz<\/a><\/p>\n\n\n\n<p>Ludwig Haas<\/p>\n\n\n\n<p>Ilse Hirschmann<\/p>\n\n\n\n<p><a href=\"https:\/\/hermagorkunstnatur.wordpress.com\/kuenstler-botschaft-werke\/sieglinde-jank\/\">Sieglinde Jank-Arrich<\/a><\/p>\n\n\n\n<p><a href=\"https:\/\/hermagorkunstnatur.wordpress.com\/kuenstler-botschaft-werke\/gudrun-kargl\/\">Gudrun Kargl<\/a><\/p>\n\n\n\n<p><a href=\"https:\/\/hermagorkunstnatur.wordpress.com\/kuenstler-botschaft-werke\/werner-eugen-lardy\/\">Werner Eugen Lardy<\/a><\/p>\n\n\n\n<p>Inge Lasser<\/p>\n\n\n\n<p>Engelbert Obernosterer<\/p>\n\n\n\n<p><a href=\"https:\/\/hermagorkunstnatur.wordpress.com\/kuenstler-botschaft-werke\/christin-breuil-pala\/\">Christin Breuil Pala<\/a><\/p>\n\n\n\n<p><a href=\"https:\/\/hermagorkunstnatur.wordpress.com\/kuenstler-botschaft-werke\/gia-simetzberger\/\">Gia Simetzberger<\/a><\/p>\n\n\n\n<p>Herbert Unterberger<\/p>\n\n\n\n<p>Markus Wagenhofer<\/p>\n\n\n\n<p><a href=\"https:\/\/hermagorkunstnatur.wordpress.com\/kuenstler-botschaft-werke\/hubert-waldner\/\">Hubert Waldner<\/a><\/p>\n\n\n\n<div class=\"wp-block-image\"><figure class=\"aligncenter size-large is-resized\"><img loading=\"lazy\" decoding=\"async\" src=\"https:\/\/unsermuehlbach.at\/wp-content\/uploads\/2021\/03\/wu-art-club-klein-web.png\" alt=\"\" class=\"wp-image-59\" width=\"200\" height=\"197\" srcset=\"https:\/\/unsermuehlbach.at\/wp-content\/uploads\/2021\/03\/wu-art-club-klein-web.png 315w, https:\/\/unsermuehlbach.at\/wp-content\/uploads\/2021\/03\/wu-art-club-klein-web-300x296.png 300w\" sizes=\"auto, (max-width: 200px) 100vw, 200px\" \/><\/figure><\/div>\n\n\n\n<p class=\"has-text-align-center\">An initiative of the <a href=\"http:\/\/wulfeniaartclub.wordperess.com\">Wulfenia Art Club<\/a>, Hermagor<\/p>\n\n\n\n<p><\/p>","protected":false},"excerpt":{"rendered":"<p>Ein Kunstprojekt im Entstehen Work in progress Verlinkung zur Zeit in Arbeit. Danke allen K\u00fcnstlern, die ihre Verbundenheit mit der Natur und ein Herz f\u00fcr den Hermagorer M\u00fchlbach zeigen! Johannes Angerbauer-Goldhoff Hans Egger Peter Ian Espino Capocao Hermann Fritz Ludwig Haas Ilse Hirschmann Sieglinde Jank-Arrich Gudrun Kargl Werner Eugen Lardy Inge Lasser Engelbert Obernosterer Christin [&hellip;]<\/p>","protected":false},"author":3,"featured_media":0,"parent":19,"menu_order":0,"comment_status":"closed","ping_status":"closed","template":"","meta":{"_acf_changed":false,"_et_pb_use_builder":"","_et_pb_old_content":"","_et_gb_content_width":"","footnotes":""},"class_list":["post-29","page","type-page","status-publish","hentry"],"acf":[],"_links":{"self":[{"href":"https:\/\/unsermuehlbach.at\/en\/wp-json\/wp\/v2\/pages\/29","targetHints":{"allow":["GET"]}}],"collection":[{"href":"https:\/\/unsermuehlbach.at\/en\/wp-json\/wp\/v2\/pages"}],"about":[{"href":"https:\/\/unsermuehlbach.at\/en\/wp-json\/wp\/v2\/types\/page"}],"author":[{"embeddable":true,"href":"https:\/\/unsermuehlbach.at\/en\/wp-json\/wp\/v2\/users\/3"}],"replies":[{"embeddable":true,"href":"https:\/\/unsermuehlbach.at\/en\/wp-json\/wp\/v2\/comments?post=29"}],"version-history":[{"count":4,"href":"https:\/\/unsermuehlbach.at\/en\/wp-json\/wp\/v2\/pages\/29\/revisions"}],"predecessor-version":[{"id":685,"href":"https:\/\/unsermuehlbach.at\/en\/wp-json\/wp\/v2\/pages\/29\/revisions\/685"}],"up":[{"embeddable":true,"href":"https:\/\/unsermuehlbach.at\/en\/wp-json\/wp\/v2\/pages\/19"}],"wp:attachment":[{"href":"https:\/\/unsermuehlbach.at\/en\/wp-json\/wp\/v2\/media?parent=29"}],"curies":[{"name":"wp","href":"https:\/\/api.w.org\/{rel}","templated":true}]}}