{"id":281,"date":"2021-04-04T11:21:41","date_gmt":"2021-04-04T11:21:41","guid":{"rendered":"https:\/\/unsermuehlbach.at\/?page_id=281"},"modified":"2021-04-14T12:36:52","modified_gmt":"2021-04-14T10:36:52","slug":"hermagor-die-stadt-des-wassers","status":"publish","type":"page","link":"https:\/\/unsermuehlbach.at\/en\/kulturprojekte\/ideen-konzepte-projekte\/hermagor-die-stadt-des-wassers\/","title":{"rendered":"Hermagor, the town of water"},"content":{"rendered":"<p style=\"text-align: right;\">Gia Simetzberger, 14 04 2021<\/p>\r\n\r\n\r\n\r\n<p><strong>Hermagor is predestined by its geographical conditions to become a city of water.<\/strong><\/p>\r\n<p>Crossed by a river and several streams, surrounded by other water bodies of great diversity and beauty, it lends itself to specialize in this focus, through appropriate<\/p>\r\n<ul>\r\n<li><strong>Dealing with the topic of water<\/strong><\/li>\r\n<li><strong>Events on the topic <\/strong><\/li>\r\n<li><strong>Publications on the subject<\/strong><\/li>\r\n<\/ul>\r\n<p>The great diversity of the subject of water is already evident in my <a href=\"https:\/\/unsermuehlbach.at\/en\/kulturprojekte\/ideen-konzepte-projekte\/gewaesserprojekt\/\">Watercourse project or watercourse concept<\/a> alluded to. Also the artistic film project<strong> Messages of the water <\/strong>at many natural sites in and around Hermagor, which I started with my two then still very young sons and which is still waiting for completion, let many additional thoughts arise.<\/p>\r\n<p>Here are just a few of the keywords that can lead to further projects, sub-projects, series of events, guided tours, lectures...<\/p>\r\n<h2>Theme water - gigantic diversity<\/h2>\r\n<p>Health - drinking amount, water balance of the body...<\/p>\r\n<p>Water cures, Kneipp, drinking cures etc.<\/p>\r\n<p>Beverage production and water quality - juices, beer, lemonades...<\/p>\r\n<p>Water quality, water tests, filter systems, water purification<\/p>\r\n<p>site design, water zones, water rushing, fountains, refreshment, recreation<\/p>\r\n<p>Disaster control, flood protection, shoring<\/p>\r\n<p>Design of biotopes, revitalisation<\/p>\r\n<p>Utilization, purification, energization Agriculture<\/p>\r\n<p>Energy production - hydropower, propulsion, engines, vehicles<\/p>\r\n<p>Our fire brigade, fire fighting - for young and old<\/p>\r\n<p>Bath culture, pools, bath additives, essences<\/p>\r\n<p>Physics - secrets of water, structures, models<\/p>\r\n<p>Exploring water, play projects for children<\/p>\r\n<p>Swimming, swimming lessons, swimming techniques, competitions, games<\/p>\r\n<p>Art - Symposia, Land and Water Art, Landscape Art, Painting, Sculpture, Videos, Poetry, Narratives, Plays.<\/p>\r\n<p>Painting with water, watercolours, watercolour painting for beginners and advanced students<\/p>\r\n<p>Water, bodies of water from a subtle or geomantic point of view<\/p>\r\n<p>Water consecration, holy water, blessing with water - religious and shamanic customs<\/p>\r\n<p>vitality, energization of drinking water, irrigation water<\/p>\r\n<p>water purification, sewage treatment plants, self-made biopurification plant, experienced with it<\/p>\r\n<p>Aquaponics and experience with it<\/p>\r\n<p>renaturation of waters<\/p>\r\n<p>Watering systems, irrigation, irrigation in other areas of the world<\/p>\r\n<p>Stocking with native species, nature conservation issues<\/p>\r\n<p>Snow, avalanches, avalanche shoring<\/p>\r\n<p>Hail, Hail protection, Storm, Observation<\/p>\r\n<p>Fish farming, fishing, fish ponds, restaurants<\/p>\r\n<p>Animals on the water, hikes, guided tours<\/p>\r\n<p>Mountain lakes - special features, photo exhibition<\/p>\r\n<p>Water games for kids - making boats, folding paper ships...<\/p>\r\n<p>Diving, hobby and professional divers, experience reports, opportunities<\/p>\r\n<p>Aquariums, conservation of species, popular hobby<\/p>\r\n<p>Cairns on the water and recordings thereof<\/p>\r\n<p>Hermagor in geological view - seabed, today mountains<\/p>\r\n<p>Adventure world, hikes, guided tours<\/p>\r\n<p>Historic - floods, way of life with water, well construction, usage<\/p>\r\n<p>Mills - once and today<\/p>\r\n<p>Boulders, gold panning - mineralogical foci<\/p>\r\n<p>Water adventures - sailing, kiting, rafting, canoeing...<\/p>\r\n<p>Aquatic animals - wildlife events - what lives in our waters....<\/p>\r\n<p>and I'm sure there are other possibilities.<\/p>\r\n<p>Of course, like everywhere else, implementation requires people who are interested and capable of doing so.<\/p>\r\n<p><strong>We are convinced, everything is available here.<\/strong><\/p>\r\n<p>Therefore, this topic <strong>Hermagor, the town of water<\/strong> for the time being and it is hoped that feedback will crystallise and that this raw concept will be taken up.<\/p>\r\n<p>If clever work is done here and harmonious cooperation is created, it may well happen that soon the whole world will take notice of and admire this positive example of a small mountain town.<\/p>","protected":false},"excerpt":{"rendered":"<p>Gia Simetzberger, 14 04 2021 Hermagor ist durch seine geographischen Gegebenheiten dazu pr\u00e4destiniert, zu einer Stadt des Wassers zu werden. Von einem Fluss und mehreren B\u00e4chlein durchzogen, mit weiteren Gew\u00e4ssern in gro\u00dfer Vielfalt und Sch\u00f6nheit umgeben, bietet es daf\u00fcr an, sich auf diesen Schwerpunkt zu speziallisieren, und zwar durch entsprechende Auseinandersetzung mit dem Thema Wasser [&hellip;]<\/p>","protected":false},"author":3,"featured_media":0,"parent":237,"menu_order":0,"comment_status":"closed","ping_status":"closed","template":"","meta":{"_acf_changed":false,"_et_pb_use_builder":"","_et_pb_old_content":"","_et_gb_content_width":"","footnotes":""},"class_list":["post-281","page","type-page","status-publish","hentry"],"acf":[],"_links":{"self":[{"href":"https:\/\/unsermuehlbach.at\/en\/wp-json\/wp\/v2\/pages\/281","targetHints":{"allow":["GET"]}}],"collection":[{"href":"https:\/\/unsermuehlbach.at\/en\/wp-json\/wp\/v2\/pages"}],"about":[{"href":"https:\/\/unsermuehlbach.at\/en\/wp-json\/wp\/v2\/types\/page"}],"author":[{"embeddable":true,"href":"https:\/\/unsermuehlbach.at\/en\/wp-json\/wp\/v2\/users\/3"}],"replies":[{"embeddable":true,"href":"https:\/\/unsermuehlbach.at\/en\/wp-json\/wp\/v2\/comments?post=281"}],"version-history":[{"count":5,"href":"https:\/\/unsermuehlbach.at\/en\/wp-json\/wp\/v2\/pages\/281\/revisions"}],"predecessor-version":[{"id":944,"href":"https:\/\/unsermuehlbach.at\/en\/wp-json\/wp\/v2\/pages\/281\/revisions\/944"}],"up":[{"embeddable":true,"href":"https:\/\/unsermuehlbach.at\/en\/wp-json\/wp\/v2\/pages\/237"}],"wp:attachment":[{"href":"https:\/\/unsermuehlbach.at\/en\/wp-json\/wp\/v2\/media?parent=281"}],"curies":[{"name":"wp","href":"https:\/\/api.w.org\/{rel}","templated":true}]}}