{"id":24,"date":"2021-03-25T23:03:51","date_gmt":"2021-03-25T23:03:51","guid":{"rendered":"https:\/\/unsermuehlbach.at\/?page_id=24"},"modified":"2022-04-05T11:39:32","modified_gmt":"2022-04-05T09:39:32","slug":"kulturprojekte","status":"publish","type":"page","link":"https:\/\/unsermuehlbach.at\/en\/kulturprojekte\/","title":{"rendered":"Cultural projects"},"content":{"rendered":"<h4 style=\"text-align: center;\"><strong>Go to our blog here <a href=\"https:\/\/unsermuehlbach.at\/en\/neuigkeiten\/\">https:\/\/unsermuehlbach.at\/neuigkeiten\/<\/a> <br \/><\/strong><\/h4>\r\n<p><strong>Initiatives, projects, recreational and learning opportunities, further <\/strong><strong>Possibilities <\/strong><\/p>\r\n<p>What is enumerated below is in various stages of development.<\/p>\r\n<p>There are even more projects planned, but that would really go beyond the scope.<\/p>\r\n<p>An <strong>Long-term project with a large variety of subprojects<\/strong> has started in the fall of 2021:<\/p>\r\n<h2 style=\"text-align: center;\"><span style=\"color: #3366ff;\"><a style=\"color: #3366ff;\" href=\"https:\/\/gailtalakademie.wordpress.com\/konzepte-und-projekte\/geomantieprojekt-hermagor\/\"><strong>&gt; Geoculture Hermagor<\/strong><\/a><\/span><\/h2>\r\n<h2 style=\"text-align: center;\"><span style=\"color: #3366ff;\"><a style=\"color: #3366ff;\" href=\"https:\/\/gailtalakademie.wordpress.com\/konzepte-und-projekte\/geomantieprojekt-hermagor\/\"><strong><img loading=\"lazy\" decoding=\"async\" class=\"alignnone wp-image-1430 size-medium\" src=\"https:\/\/unsermuehlbach.at\/wp-content\/uploads\/2022\/03\/WUNDERWELT-HERMAGOR-Einladung-1-214x300.jpg\" alt=\"Wunderwelt Hermagor, Gudrun Kargl\" width=\"214\" height=\"300\" \/><\/strong><\/a><\/span><\/h2>\r\n<h3 style=\"text-align: center;\"><strong>Actions and petitions<\/strong><\/h3>\r\n\r\n\r\n\r\n<p>Signature collection on site for the <strong>Millstream<\/strong>, contact <strong>Ulrike Maturana Dorado (Domainko)<\/strong>, Citizens' Initiative, Hermagor<\/p>\r\n\r\n\r\n\r\n<p><a href=\"https:\/\/www.openpetition.eu\/at\/petition\/online\/kaernten-republik-oesterreich-legt-bach-trocken\">Online petition for the M\u00fchlbach <\/a>expired, see new petition<\/p>\r\n<p><img loading=\"lazy\" decoding=\"async\" class=\"alignnone  wp-image-869\" src=\"https:\/\/unsermuehlbach.at\/wp-content\/uploads\/2021\/04\/rettet-den-muehlbach-logo-300x89.png\" alt=\"Rettet den M\u00fchlbach Logo\" width=\"199\" height=\"59\" \/><\/p>\r\n\r\n\r\n\r\n<p><a href=\"https:\/\/unsermuehlbach.at\/en\/cbxpetition\/rettet-den-muehlbach\/\"><strong>New online petition for the millstream<\/strong>, running<\/a><\/p>\r\n<p>The <a href=\"https:\/\/unsermuehlbach.at\/en\/der-schuetzenpark\/\"><strong>Sch\u00fctzenpark<\/strong><\/a>, a resident signature campaign, started at the end of March 2021, wishes of the public for the design of the shooting park, contact: <strong>Helmut Wurian<\/strong><\/p>\r\n<p><em>There was another small idyllic park, the<strong> Peace Park<\/strong>. Until April 2021. At the bottom of this page two photos of how it looked rather it was divided (according to media reports) among three owners because the municipality did not want to buy it.<\/em><\/p>\r\n<p><strong>Experience, meeting and recreation areas for children and young people<\/strong> in and around Hermagor, commitment, contact:<strong> Bernhard Gitschtaler<\/strong><\/p>\r\n<p>Reason: There are no more meeting spaces for children and young people in the whole of Hermagor. No real children's playground, no skate park, there is simply nothing left for young people in the town area. Picture: So looks at present the playground of the city Hermagor, for a city truly no Renomm\u00e9. Child friendliness looks probably a bisserl differently. But what is not, can still become.<\/p>\r\n<p><img loading=\"lazy\" decoding=\"async\" class=\"size-medium wp-image-1413 aligncenter\" src=\"https:\/\/unsermuehlbach.at\/wp-content\/uploads\/2022\/03\/IMG_9419-300x169.png\" alt=\"\" width=\"300\" height=\"169\" \/><\/p>\r\n<p>The<strong> Gailtal Academy<\/strong> <strong>Santonino<\/strong> also published a <a href=\"https:\/\/gailtalakademie.wordpress.com\/konzepte-und-projekte\/jugend-in-hermagor\/\"><strong>Impulse papers (\"Youth is Future\")<\/strong><\/a> as a contribution to a <strong>comprehensive youth concept<\/strong> and its hopefully speedy implementation.<\/p>\r\n\r\n\r\n\r\n<h3 style=\"text-align: center;\"><strong>History and memories<br \/><\/strong><\/h3>\r\n<p><a href=\"https:\/\/rettetdenmuehlbach.wordpress.com\/geschichtlich\/\">The Hermagor M\u00fchlbach, from a historical perspective<\/a> (Documentation, research Gia Simetzberger)<\/p>\r\n<p><a href=\"https:\/\/www.gailtal-guide.at\/\">Historical guided tours in Hermagor, Bernhard Gitschtaler<\/a><\/p>\r\n<p><strong>Waters once and now<\/strong>, Research (Gailtal Academy Santonino)<\/p>\r\n<p>An <a href=\"https:\/\/gailtalakademie.wordpress.com\/konzepte-und-projekte\/auf-spurensuche\/\"><strong>Search for traces<\/strong><\/a> is made by the Gailtaler Kulturnetzwerk and becomes the <strong>Literature project<\/strong> expanded realized. The executor is the <strong>Gailtal Academy Santonino<\/strong>:<\/p>\r\n<p><strong>Myths and incidents - once and now (start spring 2022), contributions welcome<\/strong><\/p>\r\n<p><strong>Contact: Lygia Simetzberger collaboration at a1.net <\/strong><\/p>\r\n<p><strong>Keyword: myths<\/strong><\/p>\r\n<h3 style=\"text-align: center;\"><strong>Tours<\/strong><\/h3>\r\n<p><a href=\"https:\/\/unsermuehlbach.at\/en\/sonstiges\/fuehrungen-natur-kultur\/\"><strong>Guided tours nature &amp; culture<\/strong><\/a><\/p>\r\n<p><a href=\"https:\/\/gailtalnetz.wordpress.com\/kulturleben\/vips-in-aller-welt\/ulrike-maturana-geb-domainko\/\"><strong>Guided herbal educational hikes<\/strong>, Ulrike Maturana Domainko, Hermagor<\/a><\/p>\r\n<p><a href=\"https:\/\/www.gailtal-guide.at\/\"><strong>Historical guided tours<\/strong> in Hermagor, <strong>Bernhard Gitschtaler<\/strong><\/a><\/p>\r\n\r\n\r\n\r\n\r\n\r\n<h3 style=\"text-align: center;\"><strong>New projects and opportunities<\/strong><\/h3>\r\n<h4>\u00a0<\/h4>\r\n<h4>See also here: <a href=\"https:\/\/unsermuehlbach.at\/en\/kulturprojekte\/ideen-konzepte-projekte\/\">https:\/\/unsermuehlbach.at\/kulturprojekte\/ideen-konzepte-projekte\/<\/a><\/h4>\r\n<h4><strong>Cultural presentation<\/strong><\/h4>\r\n\r\n\r\n\r\n<p><strong>Culture table at the farmer's market<\/strong>, possibility of presenting art and cultural projects at the Hermagor farmers' market (contact: <strong>Wulfenia Art Club<\/strong> and <strong>City marketing<\/strong> <strong>Hermagor,<\/strong> Farmer's Market Organizer:<strong> Martinzenbauer<\/strong>), Participations and coordinator desired - was suggested, more is up to the region's cultural activists (individually).<\/p>\r\n<p>Better still would be to use the<strong> Hermagor main square \/ town hall square car-free and for \"open stage\" and other cultural events to the citizens, especially the youth,<\/strong> to make available. This also includes a kiosk or a pavilion with technical requirements.<\/p>\r\n<p><strong>Readings and storytelling in Sch\u00fctzenpark<\/strong> (in good weather, in bad weather alternative location or rescheduling), ideally in the warm season once a week<\/p>\r\n<p><strong>Cultural surprises<\/strong> - Surprise events<\/p>\r\n<h5><strong>Image projections in the city center<br \/><\/strong><\/h5>\r\n<p>An<strong> Art and culture project<\/strong> for the revitalization of Hermagor's city center, cooperation with Hermagor city marketing, information <strong>Inge Lasser, Gia Simetzberger<\/strong>, participation and technical support desired. was first implemented as an art slide show<strong> \"Messages to the millstream\"<\/strong> - Imitation or continuation and further development desired!<\/p>\r\n<h5><strong>Water, bodies of water<\/strong><\/h5>\r\n<p><a href=\"https:\/\/unsermuehlbach.at\/en\/kulturprojekte\/ideen-konzepte-projekte\/hermagor-die-stadt-des-wassers\/\"><strong>Hermagor, city of water<\/strong>,<\/a> Water theme variety, a keyword concept, implementation desired (Gia Simetzberger)<\/p>\r\n\r\n\r\n\r\n<p><a href=\"https:\/\/unsermuehlbach.at\/en\/kulturprojekte\/ideen-konzepte-projekte\/gewaesserprojekt\/\"><strong>Water project for Hermagor's schools and kindergartens<\/strong><\/a>, a concept, implementation desired (Gia Simetzberger)<\/p>\r\n<p><strong><a href=\"https:\/\/unsermuehlbach.at\/en\/sonstiges\/sagen-mythen-kraftplaetze\/\">Legends, myths, places of power <\/a><\/strong>Publication, basis for new cultural and nature projects (<strong>Gailtal Academy Santonino<\/strong>), participation desired<\/p>\r\n\r\n\r\n\r\n\r\n\r\n<h5><strong>Electricity, power generation<\/strong><\/h5>\r\n<ul>\r\n<li>The <strong>M\u00fchlbach as an energy showcase<\/strong>, a project idea by Franz Wiedenig, Hermagor<\/li>\r\n<li><strong>Show power station old Domainko power station<\/strong>a possibility that is being considered with<strong> Water Energy Experience<\/strong> for children, pupils at the show power station (Our M\u00fchlbach)<\/li>\r\n<\/ul>\r\n\r\n\r\n\r\n<p><strong>Man and nature in harmony,<\/strong> Working title for a planned, already decided interdisciplinary long-term project (<strong>Gudrun Kargl,<\/strong> area of geoculture, in cooperation with the <strong>Gailtal Academy Santonino<\/strong> and artists)<\/p>\r\n<p><a href=\"https:\/\/landandwaterart.wordpress.com\/das-projekt\/\"><strong>Land and Water Art Symposium<\/strong><\/a>, according to an older concept, concept still available, Gia Simetzberger<\/p>\r\n\r\n\r\n\r\n<p><strong>Messages of water,<\/strong> an artistic film project of the Simetzberger art family, preliminary work was done years ago<\/p>\r\n<h5><strong>Cultural paths, cultural places, power places<br \/><\/strong><\/h5>\r\n<p><strong>Art hiking trails, legend hiking trail, story hiking trail, contemplation trail, poetry hiking trail<\/strong>... just project ideas (Gia Simetzberger)<\/p>\r\n<p><strong>A literature square in Hermagor, readings at the literature square<\/strong>, readings in the Sch\u00fctzenpark (<strong>Sieglinde Jank-Arrich<\/strong>, Hermagor) - is being implemented<\/p>\r\n<p><strong>Locating and re-establishing places of power<\/strong>, a collective project that <strong>Gailtal Academy Santonino<\/strong> is in charge<strong><br \/><\/strong><\/p>\r\n<h4 style=\"text-align: center;\"><strong>Existing art and nature projects<\/strong><\/h4>\r\n<p>A lot of great things have already been done in and around Hermagor and should get more attention. Projects that have fallen asleep should, as best as possible, be awakened from their slumber.<\/p>\r\n<p><a href=\"https:\/\/gailtalnetz.wordpress.com\/erlebnis-natur-sport\/sport\/wandern\/gailtaler-wunschelrutenwanderweg\/\"><strong>Gailtaler dowsing rod hiking trail<\/strong><\/a> Obervellach - Radnig - Hermagor, Creator <strong>Peter Bachmann<\/strong>, Obervellach near Hermagor<\/p>\r\n<p><strong><a href=\"https:\/\/gailtalnetz.wordpress.com\/erlebnis-natur-sport\/sport\/wandern\/naturlehrpfad-radnig\/\">Nature trail Radnig<\/a>, <\/strong>Initiator und Verwirklicher<strong> Kurt Grollitsch<\/strong>, Radnig near Hermagor<\/p>\r\n<p><a href=\"https:\/\/gailtalnetz.wordpress.com\/kunst-musik\/literatur\/literaten\/sieglinde-jank\/der-karnische-schmuggelweg\/\"><strong>Karnischer Schmuggelweg<\/strong><\/a> &#8211; es gibt keine Wegmarkierungen, wohl aber eine Beschreibung der Pfade, die als Wanderwege begangen werden k\u00f6nnen. Basiert auf einer wahren Begebenheit, die von Sieglinde Jank-Arrich in ihrem Buch &#8222;Der Karnische Schmuggelb\u00e4r&#8220; erz\u00e4hlt wurde.<\/p>\r\n<p><a href=\"http:\/\/www.socialgold.com\/goldsitzsteine\/\"><strong>Gold seat stones<\/strong><\/a> and<a href=\"https:\/\/wandergoldstein.wordpress.com\/\"><strong> Wander Gold Stone<\/strong><\/a>, a land art project by<strong> Johannes Angerbauer-Goldhoff<\/strong>, UPPER AUSTRIA<\/p>\r\n<p><a href=\"http:\/\/www.gailtal-art.com\/\"><strong>Gailtal Art Symposium<\/strong><\/a>, Rattendorf, upper Gailtal, <strong>Manfred Schluder (Chairman), Kurt Grollitsch (Deputy Chairman)<\/strong><\/p>\r\n<p><a href=\"https:\/\/gailtalnetz.wordpress.com\/besonderheiten\/kulturtipps-regional-permanent\/ingeborg-bachmann-gedenkstein\/\"><strong>Ingeborg Bachmann Memorial Stone<\/strong><\/a>, Obervellach bei Hermagor, Initiatorin <strong>Inge Lasser,<\/strong> Sculptor <strong>Herbert Unterberger &#8211; 2019 Einweihung, <\/strong>weitere Ingeborg-Bachmann-Gedenkpl\u00e4tze in Planung<\/p>\r\n<h3 style=\"text-align: center;\">Ideen4K\u00e4rnten<\/h3>\r\n<p>Zu diesem Wettbewerb des Landes K\u00e4rnten, Schwerpunkt Karnische Region wurde einige Kulturkonzepte eingereicht. Wenn etwas Zeit bleibt, werden wir hier berichten.<\/p>\r\n<p>Zur Webseite der Innovations-Plattform geht es hier:\u00a0 <a href=\"https:\/\/ideen4kaernten.at\/\">https:\/\/ideen4kaernten.at\/<\/a><\/p>\r\n<h4><strong>Lebens(t)raum Karnische Region <a href=\"https:\/\/ideen4kaernten.at\/ideenwettbewerbe\/lebenstraum-karnische-region\/\">https:\/\/ideen4kaernten.at\/ideenwettbewerbe\/lebenstraum-karnische-region\/<\/a><br \/><\/strong><\/h4>\r\n<p><blockquote class=\"wp-embedded-content\" data-secret=\"KeslAy8tLS\"><a href=\"https:\/\/ideen4kaernten.at\/ideenwettbewerbe\/lebenstraum-karnische-region\/\">Lebens(t)raum Karnische Region<\/a><\/blockquote><iframe loading=\"lazy\" class=\"wp-embedded-content\" sandbox=\"allow-scripts\" security=\"restricted\" style=\"position: absolute; clip: rect(1px, 1px, 1px, 1px);\" title=\"&#8222;Lebens(t)raum Karnische Region&#8220; &#8212; Ideen4K\u00e4rnten\" src=\"https:\/\/ideen4kaernten.at\/ideenwettbewerbe\/lebenstraum-karnische-region\/embed\/#?secret=XfSidMxqgF#?secret=KeslAy8tLS\" data-secret=\"KeslAy8tLS\" width=\"600\" height=\"338\" frameborder=\"0\" marginwidth=\"0\" marginheight=\"0\" scrolling=\"no\"><\/iframe><\/p>\r\n<p>&nbsp;<\/p>\r\n<p>Ja, noch weitere Projekte sind angedacht und im Werden, doch das soll noch reifen wie die saat unter der Erde&#8230;.<\/p>\r\n<p>&nbsp;<\/p>\r\n\r\n\r\n\r\n<p><img loading=\"lazy\" decoding=\"async\" class=\"alignnone  wp-image-1058\" src=\"https:\/\/unsermuehlbach.at\/wp-content\/uploads\/2021\/04\/grabstatte-web-friedenspark-27-300x225.jpg\" alt=\"\" width=\"298\" height=\"224\" \/> <img loading=\"lazy\" decoding=\"async\" class=\"alignnone  wp-image-1059\" src=\"https:\/\/unsermuehlbach.at\/wp-content\/uploads\/2021\/04\/friedenspark-kl-web-1-300x169.jpg\" alt=\"\" width=\"396\" height=\"223\" \/><\/p>\r\n<p><strong>\r\n\r\n<\/strong><\/p>\r\n<p><strong>This was the Peace Park in Hermagor.<\/strong><\/p>\r\n<p>It is all the more important to save in Hermagor what can still be saved from disappearing.<\/p>\r\n<p>&nbsp;<\/p>\r\n<div id=\"attachment_320\" style=\"width: 334px\" class=\"wp-caption aligncenter\"><img loading=\"lazy\" decoding=\"async\" aria-describedby=\"caption-attachment-320\" class=\"wp-image-320\" src=\"https:\/\/unsermuehlbach.at\/wp-content\/uploads\/2021\/03\/fmxt5797-300x225.jpg\" alt=\"\" width=\"324\" height=\"244\" \/><p id=\"caption-attachment-320\" class=\"wp-caption-text\">Vielfalt, DigiArtMix by Gia Simetzberger<\/p><\/div>\r\n\r\n<p>&nbsp;<\/p>","protected":false},"excerpt":{"rendered":"<p>Zu unserem Blog geht&#8217;s hier https:\/\/unsermuehlbach.at\/neuigkeiten\/ Initiativen, Projekte, Freizeit- und Lernangebote, weitere M\u00f6glichkeiten Was im Folgenden aufgez\u00e4hlt ist, befindet sich in unterschiedlichen Entwicklungsstadien. Es sind sogar noch weitere Projekte angedacht, das w\u00fcrde aber wirklich den Rahmen sprengen. Ein Langzeitprojekt mit einer gro\u00dfen Vielfalt an Teilprojekten hat im Herbst 2021 begonnen: &gt; Geokultur Hermagor Aktionen und [&hellip;]<\/p>","protected":false},"author":3,"featured_media":0,"parent":0,"menu_order":4,"comment_status":"closed","ping_status":"closed","template":"","meta":{"_acf_changed":false,"_et_pb_use_builder":"","_et_pb_old_content":"","_et_gb_content_width":"","footnotes":""},"class_list":["post-24","page","type-page","status-publish","hentry"],"acf":[],"_links":{"self":[{"href":"https:\/\/unsermuehlbach.at\/en\/wp-json\/wp\/v2\/pages\/24","targetHints":{"allow":["GET"]}}],"collection":[{"href":"https:\/\/unsermuehlbach.at\/en\/wp-json\/wp\/v2\/pages"}],"about":[{"href":"https:\/\/unsermuehlbach.at\/en\/wp-json\/wp\/v2\/types\/page"}],"author":[{"embeddable":true,"href":"https:\/\/unsermuehlbach.at\/en\/wp-json\/wp\/v2\/users\/3"}],"replies":[{"embeddable":true,"href":"https:\/\/unsermuehlbach.at\/en\/wp-json\/wp\/v2\/comments?post=24"}],"version-history":[{"count":5,"href":"https:\/\/unsermuehlbach.at\/en\/wp-json\/wp\/v2\/pages\/24\/revisions"}],"predecessor-version":[{"id":1448,"href":"https:\/\/unsermuehlbach.at\/en\/wp-json\/wp\/v2\/pages\/24\/revisions\/1448"}],"wp:attachment":[{"href":"https:\/\/unsermuehlbach.at\/en\/wp-json\/wp\/v2\/media?parent=24"}],"curies":[{"name":"wp","href":"https:\/\/api.w.org\/{rel}","templated":true}]}}