{"id":237,"date":"2021-03-31T18:43:50","date_gmt":"2021-03-31T18:43:50","guid":{"rendered":"https:\/\/unsermuehlbach.at\/?page_id=237"},"modified":"2022-04-05T11:44:44","modified_gmt":"2022-04-05T09:44:44","slug":"ideen-konzepte-projekte","status":"publish","type":"page","link":"https:\/\/unsermuehlbach.at\/en\/kulturprojekte\/ideen-konzepte-projekte\/","title":{"rendered":"Projects and project ideas"},"content":{"rendered":"<h3>Go to our blog here: <a href=\"https:\/\/unsermuehlbach.at\/en\/neuigkeiten\/\">https:\/\/unsermuehlbach.at\/neuigkeiten\/<\/a><!-- \/wp:post-content -->\r\n\r\n<!-- wp:paragraph --><\/h3>\r\n<p>Projects can clearly only develop if someone organizes them or if some people are interested in actively participating in them.<\/p>\r\n<p>Also, everything needs preparation, and the realization may take some time.<\/p>\r\n<p>Below are some design opportunities that have accumulated over the years and are still lying fallow.<\/p>\r\n<p>On the part of the businessmen in Hermagor a platform or an association has been formed for the revival of the town.<strong> \"Shaping Hermagor together\", chairwoman Birgit Ortner,<\/strong> However, this initiative is focused on bleaching the local landscape with decorations.<\/p>\r\n<p>The <strong>Municipality Hermagor<\/strong> is open and supportive of art and cultural initiatives. Contact persons are <strong>Mayor Leopold Astner, Councilor Karl Tillian and Councilor G\u00fcnther Pernul<\/strong>. The latter, responsible for culture, is primarily involved in folk culture and customs.<\/p>\r\n<p><img loading=\"lazy\" decoding=\"async\" class=\"alignnone  wp-image-1423\" src=\"https:\/\/unsermuehlbach.at\/wp-content\/uploads\/2022\/03\/LogoGailtalerKulturnetzwerk7cm-300x131.png\" alt=\"\" width=\"181\" height=\"79\" srcset=\"https:\/\/unsermuehlbach.at\/wp-content\/uploads\/2022\/03\/LogoGailtalerKulturnetzwerk7cm-300x131.png 300w, https:\/\/unsermuehlbach.at\/wp-content\/uploads\/2022\/03\/LogoGailtalerKulturnetzwerk7cm-18x8.png 18w, https:\/\/unsermuehlbach.at\/wp-content\/uploads\/2022\/03\/LogoGailtalerKulturnetzwerk7cm.png 397w\" sizes=\"auto, (max-width: 181px) 100vw, 181px\" \/><\/p>\r\n<p>The <a href=\"https:\/\/gailtalakademie.wordpress.com\/das-gailtaler-kulturnetzwerk\/\"><strong>Gailtaler culture network<\/strong><\/a> collects, networks, creates, develops and documents cultural projects. Here is a list and more on our page<\/p>\r\n<h4><strong>Cultural projects<\/strong> <a href=\"https:\/\/unsermuehlbach.at\/en\/kulturprojekte\/\">https:\/\/unsermuehlbach.at\/kulturprojekte\/<\/a><\/h4>\r\n<ul>\r\n<li><strong><a href=\"https:\/\/unsermuehlbach.at\/en\/kulturprojekte\/ideen-konzepte-projekte\/gewaesserprojekt\/\">Hermagor, city of water<\/a><\/strong><\/li>\r\n<li><a href=\"https:\/\/unsermuehlbach.at\/en\/kulturprojekte\/ideen-konzepte-projekte\/gewaesserprojekt\/\"><strong>Water project for schools<\/strong><\/a><\/li>\r\n<li><strong>Outdoor meeting place for youth with skate park<\/strong><\/li>\r\n<li><strong>Hermagor Round Table \"Local Recreation Areas <\/strong><strong><br \/><\/strong><\/li>\r\n<li><strong>Culture networking meeting<\/strong> in Hermagor<\/li>\r\n<li><a href=\"https:\/\/gailtalakademie.wordpress.com\/konzepte-und-projekte\/geomantieprojekt-hermagor\/\"><strong>Geoculture and geomancy in and around Hermagor<\/strong><\/a> (is in progress, consists of many subprojects, long-term project)<\/li>\r\n<li><strong>Reactivation of the nature trail Radnig<\/strong> (Creator: Kurt Grolitsch, is in progress)<\/li>\r\n<li><strong>Reactivation of the Gailtal dowsing rod trail<\/strong> (Creator: Peter Bachmann, is in progress)<!-- \/wp:paragraph -->\r\n\r\n<!-- wp:paragraph \/-->\r\n\r\n<!-- wp:paragraph --><\/li>\r\n<li>The<a href=\"https:\/\/gailtalnetz.wordpress.com\/kunst-musik\/literatur\/literaten\/sieglinde-jank\/der-karnische-schmuggelweg\/\"><strong> Carnic smuggling trail<\/strong><\/a> (inspired by Sieglinde Jank-Arrich) in the municipality of Kirchbach above the Straniger Alm, was recalled and a description of the hike was to be prepared and published.<\/li>\r\n<li>Inclusion of the <strong>Ingeborg Bachmann Path<\/strong> in Obervellach (project: Inge Lasser) into the themed hiking trails<\/li>\r\n<li><strong>Summer readings <\/strong>in the Schuetzenpark<\/li>\r\n<li><strong>Show power station Domainko power station<\/strong>one thought<!-- \/wp:paragraph -->\r\n\r\n<!-- wp:paragraph --><\/li>\r\n<li><strong>Surprise culture<\/strong> - various art events<\/li>\r\n<li><strong>Art mile or art stations<\/strong> along the M\u00fchlbach, in the Sch\u00fctzenpark, at the G\u00f6ssering<\/li>\r\n<li><a href=\"https:\/\/unsermuehlbach.at\/en\/kulturprojekte\/ideen-konzepte-projekte\/sagen-mythen-kraftplaetze\/\"><strong>Legends, myths, legends<\/strong><\/a> of the region that have to do with water - capture, cultural projects, can be considered as a subproject of the geoculture project<\/li>\r\n<li>Film project <strong>Water messages,<\/strong> a dormant art project, is to be resumed<\/li>\r\n<li>there are more <strong>Plans and ideas - <\/strong>and some of it is already in progress<\/li>\r\n<\/ul>\r\n<p>If you are interested in joining us, please contact us. We are also very happy to receive information.<\/p>\r\n<h4><strong>Siegfried Hajszan (Ziggy)<\/strong><\/h4>\r\n<p><strong>Millstream<\/strong>, instrumental, composed in May 2021, inspired by the M\u00fchlbach in Hermagor (2:22 min.)<\/p>\r\n<audio class=\"wp-audio-shortcode\" id=\"audio-237-1\" preload=\"none\" style=\"width: 100%;\" controls=\"controls\"><source type=\"audio\/mpeg\" src=\"https:\/\/unsermuehlbach.at\/wp-content\/uploads\/2021\/05\/Siegfried-Hajszan-Ziggy\ud83d\uded1-Mu\u0308hlbach.m4a?_=1\" \/><a href=\"https:\/\/unsermuehlbach.at\/wp-content\/uploads\/2021\/05\/Siegfried-Hajszan-Ziggy\ud83d\uded1-Mu\u0308hlbach.m4a\">https:\/\/unsermuehlbach.at\/wp-content\/uploads\/2021\/05\/Siegfried-Hajszan-Ziggy\ud83d\uded1-Mu\u0308hlbach.m4a<\/a><\/audio>\r\n<p>&nbsp;<\/p>\r\n<!-- \/wp:paragraph -->\r\n\r\n<!-- wp:paragraph -->\r\n<p><img loading=\"lazy\" decoding=\"async\" class=\"size-medium wp-image-1167 aligncenter\" src=\"https:\/\/unsermuehlbach.at\/wp-content\/uploads\/2021\/05\/boh0PX3ySMKZ5179GeFeaA-300x225.jpg\" alt=\"\" width=\"300\" height=\"225\" \/><\/p>\r\n<!-- \/wp:paragraph -->","protected":false},"excerpt":{"rendered":"<p>Zu unserem Blog geht&#8217;s hier: https:\/\/unsermuehlbach.at\/neuigkeiten\/ Projekte k\u00f6nnen sich klarerweise erst entfalten, wenn sie jemand organisiert bzw. wenn einige Menschen daran interessiert sind, sich daran tatkr\u00e4ftig zu beteiligen. Auch braucht alles Vorbereitung, und die Realisierung kann einige Zeit in Anspruch nehmen. Im Folgenden einige Gestaltungsm\u00f6glichkeiten, die sich in den letzten Jahren angesammelt haben und noch [&hellip;]<\/p>","protected":false},"author":3,"featured_media":0,"parent":24,"menu_order":0,"comment_status":"closed","ping_status":"closed","template":"","meta":{"_acf_changed":false,"_et_pb_use_builder":"","_et_pb_old_content":"","_et_gb_content_width":"","footnotes":""},"class_list":["post-237","page","type-page","status-publish","hentry"],"acf":[],"_links":{"self":[{"href":"https:\/\/unsermuehlbach.at\/en\/wp-json\/wp\/v2\/pages\/237","targetHints":{"allow":["GET"]}}],"collection":[{"href":"https:\/\/unsermuehlbach.at\/en\/wp-json\/wp\/v2\/pages"}],"about":[{"href":"https:\/\/unsermuehlbach.at\/en\/wp-json\/wp\/v2\/types\/page"}],"author":[{"embeddable":true,"href":"https:\/\/unsermuehlbach.at\/en\/wp-json\/wp\/v2\/users\/3"}],"replies":[{"embeddable":true,"href":"https:\/\/unsermuehlbach.at\/en\/wp-json\/wp\/v2\/comments?post=237"}],"version-history":[{"count":5,"href":"https:\/\/unsermuehlbach.at\/en\/wp-json\/wp\/v2\/pages\/237\/revisions"}],"predecessor-version":[{"id":1450,"href":"https:\/\/unsermuehlbach.at\/en\/wp-json\/wp\/v2\/pages\/237\/revisions\/1450"}],"up":[{"embeddable":true,"href":"https:\/\/unsermuehlbach.at\/en\/wp-json\/wp\/v2\/pages\/24"}],"wp:attachment":[{"href":"https:\/\/unsermuehlbach.at\/en\/wp-json\/wp\/v2\/media?parent=237"}],"curies":[{"name":"wp","href":"https:\/\/api.w.org\/{rel}","templated":true}]}}