{"id":221,"date":"2021-03-30T10:06:09","date_gmt":"2021-03-30T10:06:09","guid":{"rendered":"https:\/\/unsermuehlbach.at\/?page_id=221"},"modified":"2021-05-17T09:12:22","modified_gmt":"2021-05-17T07:12:22","slug":"fuehrungen-natur-kultur","status":"publish","type":"page","link":"https:\/\/unsermuehlbach.at\/en\/kulturprojekte\/fuehrungen-natur-kultur\/","title":{"rendered":"Guided tours nature &amp; culture"},"content":{"rendered":"<h3><a href=\"https:\/\/gailtalnetz.wordpress.com\/kulturleben\/vips-in-aller-welt\/ulrike-maturana-geb-domainko\/\">Guided herb walks, Ulrike Maturana Domainko, Hermagor<\/a><\/h3>\r\n\r\n\r\n\r\n<p>An educational herbal tour along the M\u00fchlbach and along the G\u00f6ssering is possible by appointment. Spring herbs were the subject of the diploma thesis of <a href=\"https:\/\/gailtalnetz.wordpress.com\/kulturleben\/vips-in-aller-welt\/ulrike-maturana-geb-domainko\/\">Ulrike Maturana<\/a> and are one of their favorite topics. From a number of participants of four people.<\/p>\r\n<p>There are other plant experts in Hermagor and the surrounding area, including a well-known book author, other herbalists, producers of natural care products. <a href=\"https:\/\/gailtalnetz.wordpress.com\/lebenskunst\/gesundheit\/\">The Gailtalnetz tries to record as many such activities as possible.<\/a><\/p>\r\n\r\n\r\n\r\n<h3><a href=\"http:\/\/gailtal-guide.at\">Historical guided tours in Hermagor, Bernhard Gitschthaler<\/a><\/h3>\r\n<p><a href=\"https:\/\/www.gailtal-guide.at\/fuhrungen\/\">Tours<\/a><\/p>\r\n<p><a href=\"https:\/\/www.gailtaler-zeitbilder.at\/\">Gailtaler Zeitbilder (Book, Shop, Blog)<\/a><\/p>\r\n<p>&nbsp;<\/p>\r\n<p>Health:\u00a0<\/p>\r\n<p>https:\/\/t.me\/HermagorGesundheit<\/p>\r\n<p>&nbsp;<\/p>","protected":false},"excerpt":{"rendered":"<p>Gef\u00fchrte Kr\u00e4uterwanderungen, Ulrike Maturana Domainko, Hermagor Eine kr\u00e4uterp\u00e4dagogische F\u00fchrung entlang dem M\u00fchlbach und entlang der G\u00f6ssering ist nach Vereinbarung m\u00f6glich. Fr\u00fchlingskr\u00e4uter waren Gegenstand der Diplomarbeit von Ulrike Maturana und sind eins ihrer Lieblingsthemen. Ab einer Teilnehmerzahl von vier Personen. Es gibt weitere Pflanzen-Fachkundige in Hermagor und Umgebung, darunter ein bekannter Buchautor, weitere Kr\u00e4uterp\u00e4dagogik, Produzentinnen nat\u00fcrlicher [&hellip;]<\/p>","protected":false},"author":3,"featured_media":0,"parent":24,"menu_order":0,"comment_status":"closed","ping_status":"closed","template":"","meta":{"_acf_changed":false,"_et_pb_use_builder":"","_et_pb_old_content":"","_et_gb_content_width":"","footnotes":""},"class_list":["post-221","page","type-page","status-publish","hentry"],"acf":[],"_links":{"self":[{"href":"https:\/\/unsermuehlbach.at\/en\/wp-json\/wp\/v2\/pages\/221","targetHints":{"allow":["GET"]}}],"collection":[{"href":"https:\/\/unsermuehlbach.at\/en\/wp-json\/wp\/v2\/pages"}],"about":[{"href":"https:\/\/unsermuehlbach.at\/en\/wp-json\/wp\/v2\/types\/page"}],"author":[{"embeddable":true,"href":"https:\/\/unsermuehlbach.at\/en\/wp-json\/wp\/v2\/users\/3"}],"replies":[{"embeddable":true,"href":"https:\/\/unsermuehlbach.at\/en\/wp-json\/wp\/v2\/comments?post=221"}],"version-history":[{"count":5,"href":"https:\/\/unsermuehlbach.at\/en\/wp-json\/wp\/v2\/pages\/221\/revisions"}],"predecessor-version":[{"id":1189,"href":"https:\/\/unsermuehlbach.at\/en\/wp-json\/wp\/v2\/pages\/221\/revisions\/1189"}],"up":[{"embeddable":true,"href":"https:\/\/unsermuehlbach.at\/en\/wp-json\/wp\/v2\/pages\/24"}],"wp:attachment":[{"href":"https:\/\/unsermuehlbach.at\/en\/wp-json\/wp\/v2\/media?parent=221"}],"curies":[{"name":"wp","href":"https:\/\/api.w.org\/{rel}","templated":true}]}}