{"id":21,"date":"2021-03-25T23:00:58","date_gmt":"2021-03-25T23:00:58","guid":{"rendered":"https:\/\/unsermuehlbach.at\/?page_id=21"},"modified":"2021-04-14T11:28:52","modified_gmt":"2021-04-14T09:28:52","slug":"buergerinitiative","status":"publish","type":"page","link":"https:\/\/unsermuehlbach.at\/en\/buergerinitiative\/","title":{"rendered":"Citizens' Initiative Save the M\u00fchlbach!"},"content":{"rendered":"<p><img loading=\"lazy\" decoding=\"async\" class=\"alignnone  wp-image-869\" src=\"https:\/\/unsermuehlbach.at\/wp-content\/uploads\/2021\/04\/rettet-den-muehlbach-logo-300x89.png\" alt=\"Rettet den M\u00fchlbach Logo\" width=\"256\" height=\"76\" \/><\/p>\r\n<p>Own website <a href=\"http:\/\/rettetdenmuehlbach.wordpress.com\">Save the M\u00fchlbach in Hermagor<\/a><\/p>\r\n\r\n\r\n\r\n<p><a href=\"https:\/\/unsermuehlbach.at\/en\/buergerinitiative\/unterschriften\/\">Signatures for the Hermagor M\u00fchlbach<\/a><\/p>\r\n\r\n\r\n\r\n<p><a href=\"https:\/\/unsermuehlbach.at\/en\/cbxpetition\/rettet-den-muehlbach\/\">Online petition for the restoration and preservation of the Hermagor mill stream<\/a>\u00a0<\/p>\r\n\r\n\r\n\r\n<p>&nbsp;<\/p>\r\n\r\n\r\n\r\n<figure class=\"wp-block-image size-large\"><img loading=\"lazy\" decoding=\"async\" width=\"1024\" height=\"768\" class=\"wp-image-66\" src=\"https:\/\/unsermuehlbach.at\/wp-content\/uploads\/2021\/03\/IMG_6208-1024x768.jpg\" alt=\"\" srcset=\"https:\/\/unsermuehlbach.at\/wp-content\/uploads\/2021\/03\/IMG_6208-1024x768.jpg 1024w, https:\/\/unsermuehlbach.at\/wp-content\/uploads\/2021\/03\/IMG_6208-300x225.jpg 300w, https:\/\/unsermuehlbach.at\/wp-content\/uploads\/2021\/03\/IMG_6208-768x576.jpg 768w, https:\/\/unsermuehlbach.at\/wp-content\/uploads\/2021\/03\/IMG_6208-1536x1152.jpg 1536w, https:\/\/unsermuehlbach.at\/wp-content\/uploads\/2021\/03\/IMG_6208-2048x1536.jpg 2048w, https:\/\/unsermuehlbach.at\/wp-content\/uploads\/2021\/03\/IMG_6208-1568x1176.jpg 1568w\" sizes=\"auto, (max-width: 1024px) 100vw, 1024px\" \/><\/figure>\r\n\r\n\r\n\r\n<figure class=\"wp-block-image size-large\"><a href=\"http:\/\/rettetdenmuehlbach.wordpress.com\"><img loading=\"lazy\" decoding=\"async\" width=\"1024\" height=\"324\" class=\"wp-image-70\" src=\"https:\/\/unsermuehlbach.at\/wp-content\/uploads\/2021\/03\/Mu\u0308hlbach_Logo1-1024x324.png\" alt=\"\" srcset=\"https:\/\/unsermuehlbach.at\/wp-content\/uploads\/2021\/03\/Mu\u0308hlbach_Logo1-1024x324.png 1024w, https:\/\/unsermuehlbach.at\/wp-content\/uploads\/2021\/03\/Mu\u0308hlbach_Logo1-300x95.png 300w, https:\/\/unsermuehlbach.at\/wp-content\/uploads\/2021\/03\/Mu\u0308hlbach_Logo1-768x243.png 768w, https:\/\/unsermuehlbach.at\/wp-content\/uploads\/2021\/03\/Mu\u0308hlbach_Logo1-1536x487.png 1536w, https:\/\/unsermuehlbach.at\/wp-content\/uploads\/2021\/03\/Mu\u0308hlbach_Logo1-1568x497.png 1568w, https:\/\/unsermuehlbach.at\/wp-content\/uploads\/2021\/03\/Mu\u0308hlbach_Logo1.png 1660w\" sizes=\"auto, (max-width: 1024px) 100vw, 1024px\" \/><\/a><\/figure>","protected":false},"excerpt":{"rendered":"<p>Eigene Webseite Rettet den M\u00fchlbach in Hermagor Unterschriften f\u00fcr den Hermagorer M\u00fchlbach Online-Petition f\u00fcr die Wiederherstellug und Erhaltung des Hermagorer M\u00fchlbachs\u00a0 &nbsp;<\/p>","protected":false},"author":3,"featured_media":0,"parent":0,"menu_order":3,"comment_status":"closed","ping_status":"closed","template":"","meta":{"_acf_changed":false,"_et_pb_use_builder":"","_et_pb_old_content":"","_et_gb_content_width":"","footnotes":""},"class_list":["post-21","page","type-page","status-publish","hentry"],"acf":[],"_links":{"self":[{"href":"https:\/\/unsermuehlbach.at\/en\/wp-json\/wp\/v2\/pages\/21","targetHints":{"allow":["GET"]}}],"collection":[{"href":"https:\/\/unsermuehlbach.at\/en\/wp-json\/wp\/v2\/pages"}],"about":[{"href":"https:\/\/unsermuehlbach.at\/en\/wp-json\/wp\/v2\/types\/page"}],"author":[{"embeddable":true,"href":"https:\/\/unsermuehlbach.at\/en\/wp-json\/wp\/v2\/users\/3"}],"replies":[{"embeddable":true,"href":"https:\/\/unsermuehlbach.at\/en\/wp-json\/wp\/v2\/comments?post=21"}],"version-history":[{"count":5,"href":"https:\/\/unsermuehlbach.at\/en\/wp-json\/wp\/v2\/pages\/21\/revisions"}],"predecessor-version":[{"id":927,"href":"https:\/\/unsermuehlbach.at\/en\/wp-json\/wp\/v2\/pages\/21\/revisions\/927"}],"wp:attachment":[{"href":"https:\/\/unsermuehlbach.at\/en\/wp-json\/wp\/v2\/media?parent=21"}],"curies":[{"name":"wp","href":"https:\/\/api.w.org\/{rel}","templated":true}]}}