{"id":179,"date":"2021-03-29T11:42:49","date_gmt":"2021-03-29T11:42:49","guid":{"rendered":"https:\/\/unsermuehlbach.at\/?page_id=179"},"modified":"2021-11-03T23:49:10","modified_gmt":"2021-11-03T21:49:10","slug":"sagen-mythen-kraftplaetze","status":"publish","type":"page","link":"https:\/\/unsermuehlbach.at\/en\/kulturprojekte\/ideen-konzepte-projekte\/sagen-mythen-kraftplaetze\/","title":{"rendered":"Legends, myths, places of power"},"content":{"rendered":"<p>The project is in the preliminary phase (preparations).<\/p>\r\n\r\n\r\n\r\n<h4>Subject area<\/h4>\r\n<p>G\u00f6sseringgraben, Sch\u00fctzenpark, M\u00fchlbach, Radnig, Gr\u00fcnburg (and possibly more)<\/p>\r\n\r\n\r\n\r\n<h4>Idea &amp; Realization<\/h4>\r\n<p><a href=\"https:\/\/www.gudrunkargl.at\/\">Gudrun Kargl<\/a>, geoculturist, in collaboration with <a href=\"https:\/\/unsermuehlbach.at\/en\/kontakt-impressum\/\">Gia Simetzberger, <\/a>Gailtal Academy Santonino<\/p>\r\n<h4>Trigger or core of the project<\/h4>\r\n<p>The problems around the M\u00fchlbach in Hermagor caused a lot of thinking about possible solutions.<\/p>\r\n<p>Das Engagement f\u00fcr den M\u00fchlbach ist seit dem Entschluss, auch ein Geokultur- und Geomantieprojekt in und um Hermagor zu realisieren, dreiteiliger Art:<\/p>\r\n<ol>\r\n<li>Citizens' Initiative <a href=\"https:\/\/rettetdenmuehlbach.wordpress.com\/\">Save the millstream<\/a> samt Unterschriftenaktion vor Ort und <a href=\"https:\/\/unsermuehlbach.at\/en\/cbxpetition\/rettet-den-muehlbach\/\">Online petition<\/a><\/li>\r\n<li>Duale Kunstaktion <a href=\"https:\/\/unsermuehlbach.at\/en\/kuenstler-botschaft-werke\/\">Messages to the M\u00fchlbach<\/a> and <a href=\"https:\/\/unsermuehlbach.at\/en\/kunst-kultur\/pro-muhlbach\/\">Pro M\u00fchlbach<\/a><\/li>\r\n<li>Geokultur- und Geomantieprojekt M\u00fchlbach, G\u00f6ssering, Sch\u00fctzenpark und Umfeld<\/li>\r\n<\/ol>\r\n<h4>Integration<\/h4>\r\n<p>Existing projects should be included:<\/p>\r\n<ul>\r\n<li><a href=\"https:\/\/gailtalnetz.wordpress.com\/erlebnis-natur-sport\/sport\/wandern\/gailtaler-wunschelrutenwanderweg\/\"><strong>Gailtaler dowsing rod hiking trail<\/strong><\/a> (Peter Bachmann)<\/li>\r\n<li><a href=\"https:\/\/gailtalnetz.wordpress.com\/kunst-musik\/bildende-kunst\/kuenstlerportraits\/johannes-angerbauer\/goldsteine-im-gitschtal\/\"><strong>Gold seat stones<\/strong><\/a> (Johannes Angebrauer)<\/li>\r\n<\/ul>\r\n\r\n\r\n\r\n<h4>Implementation<\/h4>\r\n<p>In der <strong>Vorphase (Sommer\/Herbst 2021)<\/strong> werden alte Aufzeichnungen gesichtet (alte Karten, historische Texte), Kraftorte und historisch interessante St\u00e4tten besucht und St\u00f6rzonen aufgesp\u00fcrt. Die Umsetzung hat also bereits begonnen und erste Materialien und Links sind hier zu finden: <a href=\"https:\/\/gailtalakademie.wordpress.com\/konzepte-und-projekte\/auf-spurensuche\/\">https:\/\/gailtalakademie.wordpress.com\/konzepte-und-projekte\/auf-spurensuche\/<\/a><\/p>\r\n<p>In der Hauptphase wird es <strong>Veranstaltungen<\/strong> geben, in denen Grundwissen vermittelt und Interventionen erarbeitet werden.<\/p>\r\n<p>In weiterer Folge sollen <strong>St\u00f6rzonen harmonisiert, naturverbundene k\u00fcnstlerische Projekte realisiert und Kraftpl\u00e4tze kultiviert werden<\/strong>.<\/p>\r\n<h4>Commitments<\/h4>\r\n<p>Support has already been promised from several sides or interest in cooperation has been expressed.<\/p>\r\n<p>Mehr dazu (Beschreibung, Aktivi\u00e4ten, Unterst\u00fctzer) nach und nach hier: <a href=\"https:\/\/gailtalakademie.wordpress.com\/konzepte-und-projekte\/geomantieprojekt-hermagor\/\">https:\/\/gailtalakademie.wordpress.com\/konzepte-und-projekte\/geomantieprojekt-hermagor\/<\/a><\/p>\r\n\r\n\r\n\r\n<p>Contact: <a href=\"https:\/\/unsermuehlbach.at\/en\/kontakt-impressum\/\">Gia Simetzberger<\/a><\/p>\r\n<h3>B\u00fccher und Links<\/h3>\r\n<div id=\"titleblock_feature_div\" class=\"celwidget\" data-feature-name=\"titleblock\" data-csa-c-id=\"4152wo-1mbngi-vgjzam-ftyd1w\">\r\n<div class=\"a-section a-spacing-none\">\r\n<p id=\"title\" class=\"a-spacing-none a-text-normal\"><strong><span id=\"productTitle\" class=\"a-size-extra-large\"> Kraft- und Kultpl\u00e4tze in K\u00e4rnten: Ph\u00e4nomene, Orte und Ereignisse im Spiegel der Naturwissenschaft <\/span><\/strong> <span id=\"productSubtitle\" class=\"a-size-large a-color-secondary\"> Gebundene Ausgabe, 2011<br \/><\/span><\/p>\r\n<\/div>\r\n<\/div>\r\n<div id=\"bylineInfo_feature_div\" class=\"celwidget\" data-feature-name=\"bylineInfo\" data-csa-c-id=\"qpbyhw-rsymin-lfp8ma-vkwkh0\">\r\n<div id=\"bylineInfo\" class=\"a-section a-spacing-micro bylineHidden feature\">von <span class=\"author notFaded\" data-width=\"\"> <a class=\"a-link-normal\" href=\"https:\/\/www.amazon.de\/s\/ref=dp_byline_sr_book_1?ie=UTF8&amp;field-author=Kerstin+M.+Gansl&amp;text=Kerstin+M.+Gansl&amp;sort=relevancerank&amp;search-alias=books-de\">Kerstin M. Gansl<\/a> <span class=\"contribution\"> <span class=\"a-color-secondary\">(Autor)<\/span> <\/span> <\/span><\/div>\r\n<\/div>\r\n<p>Allgemeiner Link:<\/p>\r\n<p><strong>Wasser, Sagen<\/strong> <a href=\"http:\/\/www.sagen.at\/doku\/quellen\/quellen.html\">http:\/\/www.sagen.at\/doku\/quellen\/quellen.html<\/a><\/p>\r\n<p><strong>Webseite von Marko Poga\u010dnik (Englisch, Slowenisch, Deutsch):<\/strong> <a href=\"https:\/\/www.markopogacnik.com\/\">https:\/\/www.markopogacnik.com\/<\/a><\/p>\r\n\r\n\r\n\r\n<p><strong>Einige B\u00fccher von Marko Poga\u010dnik: <a href=\"http:\/\/www.markopogacnik.com\/?page_id=19\">http:\/\/www.markopogacnik.com\/?page_id=19<\/a><\/strong><\/p>\r\n<div id=\"titleblock_feature_div\" class=\"celwidget\" data-feature-name=\"titleblock\" data-csa-c-id=\"6iekyg-3mvjhu-ivvm9f-v464ob\" data-cel-widget=\"titleblock_feature_div\">\r\n<div class=\"a-section a-spacing-none\">\r\n<p id=\"title\" class=\"a-spacing-none a-text-normal\"><strong><span id=\"productTitle\" class=\"a-size-extra-large\"> Das geheime Leben der Erde: Neue Schule der Geomantie <\/span><\/strong> <span id=\"productSubtitle\" class=\"a-size-large a-color-secondary\"> Gebundene Ausgabe, 2008 <\/span>von <span class=\"author notFaded\" data-width=\"\"> <a class=\"a-link-normal\" href=\"https:\/\/www.amazon.de\/s\/ref=dp_byline_sr_book_1?ie=UTF8&amp;field-author=Marko+Pogacnik&amp;text=Marko+Pogacnik&amp;sort=relevancerank&amp;search-alias=books-de\">Marko Pogacnik<\/a> <span class=\"contribution\"> <span class=\"a-color-secondary\">(Autor), <\/span> <\/span> <\/span> <span class=\"author notFaded\" data-width=\"\"> <a class=\"a-link-normal\" href=\"https:\/\/www.amazon.de\/s\/ref=dp_byline_sr_book_2?ie=UTF8&amp;field-author=Lara+Mallien&amp;text=Lara+Mallien&amp;sort=relevancerank&amp;search-alias=books-de\">Lara Mallien<\/a> <span class=\"contribution\"> <span class=\"a-color-secondary\">(\u00dcbersetzer)<\/span> <\/span> <\/span><\/p>\r\n<div id=\"titleblock_feature_div\" class=\"celwidget\" data-feature-name=\"titleblock\" data-csa-c-id=\"50nu3a-lkhtef-nbzpox-uv8th2\" data-cel-widget=\"titleblock_feature_div\">\r\n<div class=\"a-section a-spacing-none\">\r\n<p id=\"title\" class=\"a-spacing-none a-text-normal\"><span id=\"productTitle\" class=\"a-size-extra-large\"><strong> Die Sprache der Kosmogramme<\/strong> <\/span> <span id=\"productSubtitle\" class=\"a-size-large a-color-secondary\"> Gebundene Ausgabe 2012, <\/span>von <span class=\"author notFaded\" data-width=\"156\"> <a class=\"a-link-normal\" href=\"https:\/\/www.amazon.de\/s\/ref=dp_byline_sr_book_1?ie=UTF8&amp;field-author=Marko+Pogacnik&amp;text=Marko+Pogacnik&amp;sort=relevancerank&amp;search-alias=books-de\">Marko Pogacnik<\/a> <span class=\"contribution\"> <span class=\"a-color-secondary\">(Autor), <\/span> <\/span> <\/span> <span class=\"author notFaded\" data-width=\"157\"> <a class=\"a-link-normal\" href=\"https:\/\/www.amazon.de\/s\/ref=dp_byline_sr_book_2?ie=UTF8&amp;field-author=Bojan+Brecelj&amp;text=Bojan+Brecelj&amp;sort=relevancerank&amp;search-alias=books-de\">Bojan Brecelj<\/a> <span class=\"contribution\"> <span class=\"a-color-secondary\">(Fotograf), <\/span> <\/span> <\/span> <span class=\"author notFaded\" data-width=\"169\"> <a class=\"a-link-normal\" href=\"https:\/\/www.amazon.de\/s\/ref=dp_byline_sr_book_3?ie=UTF8&amp;field-author=Human+Touch&amp;text=Human+Touch&amp;sort=relevancerank&amp;search-alias=books-de\">Human Touch<\/a> <span class=\"contribution\"> <span class=\"a-color-secondary\">(\u00dcbersetzer)<\/span> <\/span> <\/span><\/p>\r\n<div id=\"titleblock_feature_div\" class=\"celwidget\" data-feature-name=\"titleblock\" data-csa-c-id=\"z9xzl3-z3hwxe-m2rmkr-7a3kq3\" data-cel-widget=\"titleblock_feature_div\">\r\n<div class=\"a-section a-spacing-none\">\r\n<p id=\"title\" class=\"a-spacing-none a-text-normal\"><strong><span id=\"productTitle\" class=\"a-size-extra-large\"> Elementarwesen: Die Gef\u00fchlsebene der Erde <\/span><\/strong> <span id=\"productSubtitle\" class=\"a-size-large a-color-secondary\"> Taschenbuch, 2000 <\/span>von <span class=\"author notFaded\" data-width=\"\"> <a class=\"a-link-normal\" href=\"https:\/\/www.amazon.de\/s\/ref=dp_byline_sr_book_1?ie=UTF8&amp;field-author=Marko+Pogacnik&amp;text=Marko+Pogacnik&amp;sort=relevancerank&amp;search-alias=books-de\">Marko Pogacnik<\/a> <span class=\"contribution\"> <span class=\"a-color-secondary\">(Autor)<\/span> <\/span> <\/span><\/p>\r\n<div id=\"titleblock_feature_div\" class=\"celwidget\" data-feature-name=\"titleblock\" data-csa-c-id=\"pth25q-v4bqe8-i8cc4y-qoigrx\" data-cel-widget=\"titleblock_feature_div\">\r\n<div class=\"a-section a-spacing-none\">\r\n<p id=\"title\" class=\"a-spacing-none a-text-normal\"><span id=\"productTitle\" class=\"a-size-extra-large\"><strong> Friedenswerkstatt: Die Friedensmatrix erneuern<\/strong> <\/span> <span id=\"productSubtitle\" class=\"a-size-large a-color-secondary\"> Taschenbuch, 2016, <\/span>Deutsch Ausgabe von <span class=\"author notFaded\" data-width=\"\"> <span class=\"a-declarative\" data-action=\"a-popover\" data-a-popover=\"{&quot;closeButtonLabel&quot;:&quot;Autor-Dialog Popover schlie\u00dfen&quot;,&quot;name&quot;:&quot;contributor-info-B009H86O1U&quot;,&quot;position&quot;:&quot;triggerBottom&quot;,&quot;popoverLabel&quot;:&quot;Autor-Dialog Popover&quot;,&quot;allowLinkDefault&quot;:&quot;true&quot;}\"> <a class=\"a-link-normal contributorNameID\" href=\"https:\/\/www.amazon.de\/Marko-Pogacnik\/e\/B009H86O1U\/ref=dp_byline_cont_book_1\" data-asin=\"B009H86O1U\">Marko Pogacnik<\/a> <\/span><\/span><\/p>\r\n<\/div>\r\n<\/div>\r\n<\/div>\r\n<\/div>\r\n<\/div>\r\n<\/div>\r\n<\/div>\r\n<\/div>\r\n\r\n\r\n\r\n<figure class=\"wp-block-image size-large is-resized\"><img loading=\"lazy\" decoding=\"async\" class=\"wp-image-185\" src=\"https:\/\/unsermuehlbach.at\/wp-content\/uploads\/2021\/03\/farne_1069-768x1024.jpeg\" alt=\"\" width=\"480\" height=\"640\" srcset=\"https:\/\/unsermuehlbach.at\/wp-content\/uploads\/2021\/03\/farne_1069-768x1024.jpeg 768w, https:\/\/unsermuehlbach.at\/wp-content\/uploads\/2021\/03\/farne_1069-225x300.jpeg 225w, https:\/\/unsermuehlbach.at\/wp-content\/uploads\/2021\/03\/farne_1069-1152x1536.jpeg 1152w, https:\/\/unsermuehlbach.at\/wp-content\/uploads\/2021\/03\/farne_1069-1536x2048.jpeg 1536w, https:\/\/unsermuehlbach.at\/wp-content\/uploads\/2021\/03\/farne_1069-scaled.jpeg 1920w\" sizes=\"auto, (max-width: 480px) 100vw, 480px\" \/><\/figure>","protected":false},"excerpt":{"rendered":"<p>Das Projekt befindet sich in der Vorphase (Vorbereitungen). Themenbereich G\u00f6sseringgraben, Sch\u00fctzenpark, M\u00fchlbach, Radnig, Gr\u00fcnburg (und eventuell mehr) Idee &amp; Umsetzung Gudrun Kargl, Geokulturistin, in Zusammenarbeit mit Gia Simetzberger, Gailtaler Akademie Santonino Ausl\u00f6ser bzw. Kern des Projekts Die Problematik rund um den M\u00fchlbach in Hermagor bewirkte viel Nachdenken \u00fcber L\u00f6sungsans\u00e4tze. Das Engagement f\u00fcr den M\u00fchlbach ist [&hellip;]<\/p>","protected":false},"author":3,"featured_media":0,"parent":237,"menu_order":0,"comment_status":"closed","ping_status":"closed","template":"","meta":{"_acf_changed":false,"_et_pb_use_builder":"","_et_pb_old_content":"","_et_gb_content_width":"","footnotes":""},"class_list":["post-179","page","type-page","status-publish","hentry"],"acf":[],"_links":{"self":[{"href":"https:\/\/unsermuehlbach.at\/en\/wp-json\/wp\/v2\/pages\/179","targetHints":{"allow":["GET"]}}],"collection":[{"href":"https:\/\/unsermuehlbach.at\/en\/wp-json\/wp\/v2\/pages"}],"about":[{"href":"https:\/\/unsermuehlbach.at\/en\/wp-json\/wp\/v2\/types\/page"}],"author":[{"embeddable":true,"href":"https:\/\/unsermuehlbach.at\/en\/wp-json\/wp\/v2\/users\/3"}],"replies":[{"embeddable":true,"href":"https:\/\/unsermuehlbach.at\/en\/wp-json\/wp\/v2\/comments?post=179"}],"version-history":[{"count":5,"href":"https:\/\/unsermuehlbach.at\/en\/wp-json\/wp\/v2\/pages\/179\/revisions"}],"predecessor-version":[{"id":1386,"href":"https:\/\/unsermuehlbach.at\/en\/wp-json\/wp\/v2\/pages\/179\/revisions\/1386"}],"up":[{"embeddable":true,"href":"https:\/\/unsermuehlbach.at\/en\/wp-json\/wp\/v2\/pages\/237"}],"wp:attachment":[{"href":"https:\/\/unsermuehlbach.at\/en\/wp-json\/wp\/v2\/media?parent=179"}],"curies":[{"name":"wp","href":"https:\/\/api.w.org\/{rel}","templated":true}]}}