{"id":143,"date":"2021-03-29T09:08:37","date_gmt":"2021-03-29T09:08:37","guid":{"rendered":"https:\/\/unsermuehlbach.at\/?page_id=143"},"modified":"2021-04-27T18:02:51","modified_gmt":"2021-04-27T16:02:51","slug":"der-schuetzenpark","status":"publish","type":"page","link":"https:\/\/unsermuehlbach.at\/en\/kulturprojekte\/der-schuetzenpark\/","title":{"rendered":"The Sch\u00fctzenpark"},"content":{"rendered":"<p style=\"text-align: right;\"><a href=\"https:\/\/unsermuehlbach.at\/en\/kunst-kultur\/pro-muhlbach\/\"><strong>Art action Pro M\u00fchlbach 2021 in the Sch\u00fctzenpark<\/strong><\/a><\/p>\r\n<p>The historical <strong>Rifleman's Park, <\/strong>formerly <strong>Emperor Franz Joseph Park, <\/strong>is located in the upper market and lies between G\u00f6ssering and M\u00fchlbach. Since the end of the Peace Park in spring 2021, the small park is the only public green oasis in the city of Hermagor.  Since numerous citizens are concerned about the planned redesign of the park, the<a href=\"https:\/\/rettetdenmuehlbach.wordpress.com\"><strong> Citizens' Initiative Save the M\u00fchlbach<\/strong><\/a> by resolution dated April 25, 2021, also of Sch\u00fctzenpark.<\/p>\r\n\r\n\r\n\r\n\r\n\r\n<p>Talking brings people together, as we like to say. Conversations take place among residents, with city dwellers, with passers-by, with our municipal representatives, decision-makers, planners, designers, biologists, teachers, students, beekeepers, fishermen.<\/p>\r\n<p>The direct route, of course, leads to the municipality. It is desirable that many citizens inform themselves. We will have to live with the result of the planned redesign and therefore it is important to show interest in time. Trust is good, participation is better - and according to EU guidelines for regional regeneration even wanted.<\/p>\r\n\r\n\r\n\r\n\r\n\r\n\r\n\r\n<figure class=\"wp-block-image size-large\"><img loading=\"lazy\" decoding=\"async\" width=\"1024\" height=\"768\" class=\"wp-image-147\" src=\"https:\/\/unsermuehlbach.at\/wp-content\/uploads\/2021\/03\/IMG_1304-1024x768.jpeg\" alt=\"\" srcset=\"https:\/\/unsermuehlbach.at\/wp-content\/uploads\/2021\/03\/IMG_1304-1024x768.jpeg 1024w, https:\/\/unsermuehlbach.at\/wp-content\/uploads\/2021\/03\/IMG_1304-300x225.jpeg 300w, https:\/\/unsermuehlbach.at\/wp-content\/uploads\/2021\/03\/IMG_1304-768x576.jpeg 768w, https:\/\/unsermuehlbach.at\/wp-content\/uploads\/2021\/03\/IMG_1304-1536x1152.jpeg 1536w, https:\/\/unsermuehlbach.at\/wp-content\/uploads\/2021\/03\/IMG_1304-2048x1536.jpeg 2048w\" sizes=\"auto, (max-width: 1024px) 100vw, 1024px\" \/><\/figure>\r\n\r\n\r\n\r\n<figure class=\"wp-block-image size-large\"><img loading=\"lazy\" decoding=\"async\" width=\"1024\" height=\"768\" class=\"wp-image-125\" src=\"https:\/\/unsermuehlbach.at\/wp-content\/uploads\/2021\/03\/IMG_1294-1024x768.jpeg\" alt=\"\" srcset=\"https:\/\/unsermuehlbach.at\/wp-content\/uploads\/2021\/03\/IMG_1294-1024x768.jpeg 1024w, https:\/\/unsermuehlbach.at\/wp-content\/uploads\/2021\/03\/IMG_1294-300x225.jpeg 300w, https:\/\/unsermuehlbach.at\/wp-content\/uploads\/2021\/03\/IMG_1294-768x576.jpeg 768w, https:\/\/unsermuehlbach.at\/wp-content\/uploads\/2021\/03\/IMG_1294-1536x1152.jpeg 1536w, https:\/\/unsermuehlbach.at\/wp-content\/uploads\/2021\/03\/IMG_1294-2048x1536.jpeg 2048w\" sizes=\"auto, (max-width: 1024px) 100vw, 1024px\" \/><\/figure>","protected":false},"excerpt":{"rendered":"<p>Kunstaktion Pro M\u00fchlbach 2021 im Sch\u00fctzenpark Der historische Sch\u00fctzenpark, vormals Kaiser Franz Joseph Park, befindet sich im oberen Markt und liegt zwischen G\u00f6ssering und M\u00fchlbach. Seit dem Ende des Friedensparks im Fr\u00fchjahr 2021 ist der kleine Park die einzige \u00f6ffentliche Gr\u00fcn-Oase in der Stadt Hermagor.\u00a0 Da zahlreiche B\u00fcrger besorgt sind, was die geplante Neugestaltung des [&hellip;]<\/p>","protected":false},"author":3,"featured_media":0,"parent":24,"menu_order":0,"comment_status":"closed","ping_status":"closed","template":"","meta":{"_acf_changed":false,"_et_pb_use_builder":"","_et_pb_old_content":"","_et_gb_content_width":"","footnotes":""},"class_list":["post-143","page","type-page","status-publish","hentry"],"acf":[],"_links":{"self":[{"href":"https:\/\/unsermuehlbach.at\/en\/wp-json\/wp\/v2\/pages\/143","targetHints":{"allow":["GET"]}}],"collection":[{"href":"https:\/\/unsermuehlbach.at\/en\/wp-json\/wp\/v2\/pages"}],"about":[{"href":"https:\/\/unsermuehlbach.at\/en\/wp-json\/wp\/v2\/types\/page"}],"author":[{"embeddable":true,"href":"https:\/\/unsermuehlbach.at\/en\/wp-json\/wp\/v2\/users\/3"}],"replies":[{"embeddable":true,"href":"https:\/\/unsermuehlbach.at\/en\/wp-json\/wp\/v2\/comments?post=143"}],"version-history":[{"count":5,"href":"https:\/\/unsermuehlbach.at\/en\/wp-json\/wp\/v2\/pages\/143\/revisions"}],"predecessor-version":[{"id":1138,"href":"https:\/\/unsermuehlbach.at\/en\/wp-json\/wp\/v2\/pages\/143\/revisions\/1138"}],"up":[{"embeddable":true,"href":"https:\/\/unsermuehlbach.at\/en\/wp-json\/wp\/v2\/pages\/24"}],"wp:attachment":[{"href":"https:\/\/unsermuehlbach.at\/en\/wp-json\/wp\/v2\/media?parent=143"}],"curies":[{"name":"wp","href":"https:\/\/api.w.org\/{rel}","templated":true}]}}