{"id":137,"date":"2021-03-29T08:52:17","date_gmt":"2021-03-29T08:52:17","guid":{"rendered":"https:\/\/unsermuehlbach.at\/?page_id=137"},"modified":"2022-01-20T03:29:36","modified_gmt":"2022-01-20T01:29:36","slug":"alles-nur-fuer-einen-bach","status":"publish","type":"page","link":"https:\/\/unsermuehlbach.at\/en\/alles-nur-fuer-einen-bach\/","title":{"rendered":"All for a Brook | For a Brook"},"content":{"rendered":"<p><strong>Slide Show &#8222;PRO M\u00dcHLBACH&#8220;, hier die einzelnen Bilder. <\/strong><\/p>\r\n<p><strong>Die Fertigstellung mit Vertonung erfolgt Ende J\u00e4nner 2022!<\/strong><\/p>\r\n<p><iframe loading=\"lazy\" style=\"border: 0;\" src=\"https:\/\/pitch.com\/embed\/dcf60de8-08f3-4963-90ad-b1a8bb8400a3\" width=\"560\" height=\"315\" allowfullscreen=\"allowfullscreen\"><\/iframe><\/p>\r\n\r\n<h4 class=\"has-medium-font-size\"><strong><em>Alles lei f\u00fcr a Bachale (Carinthian dialect)<\/em><\/strong><\/h4>\r\n\r\n\r\n\r\n<p id=\"block-5e1ccff2-ccb8-43d3-9c49-bafe9e586f53\">The Hermagor M\u00fchlbach is inseparably linked to the history of this small Carinthian town.<\/p>\r\n\r\n\r\n\r\n<p id=\"block-b2c57c8f-0407-4565-9f5b-1217977f8ce1\">Hermagor wird als Wulfeniastadt bezeichnet, benannt nach einer seltenen Blume. Doch die spr\u00f6de <a href=\"https:\/\/de.wikipedia.org\/wiki\/K%C3%A4rntner_Wulfenie\">Wulfenia<\/a> grows in the mountains. The M\u00fchlbach, however, ran through the entire town for centuries, filling it with life and is considered the town's secret landmark.<\/p>\r\n\r\n\r\n\r\n\r\n\r\n<p id=\"block-bdef3148-c640-4880-a258-1a1563a4d48e\">Er fehlt uns jeden Tag und soll wieder erstehen. Daher wurde ihm diese Webseite gewidmet.<\/p>\r\n\r\n\r\n\r\n\r\n\r\n<h3 class=\"has-medium-font-size\">So much effort for a brook<\/h3>\r\n\r\n\r\n\r\n<p>The Hermagor mill brook (mill stream) is inextricably linked to the history of this small Carinthian town.<\/p>\r\n\r\n\r\n\r\n<p>Hermagor is called the Wulfenia town, named after a rare flower.<br \/>But the brittle Wulfenia grows in the mountains.<\/p>\r\n\r\n\r\n\r\n<p>The M\u00fchlbach, however, for centuries, ran through the entire town, filling it with life and is considered the secret emblem of the town. Therefore, this page was dedicated to him.<\/p>\r\n\r\n\r\n\r\n<p>&nbsp;<\/p>\r\n\r\n\r\n<hr id=\"block-de367f63-3fef-4353-a046-c92adfa985ea\" class=\"wp-block-separator\" \/>\r\n\r\n\r\n<figure class=\"wp-block-embed is-type-video is-provider-youtube wp-block-embed-youtube wp-embed-aspect-4-3 wp-has-aspect-ratio\">\r\n<div class=\"wp-block-embed__wrapper\">https:\/\/youtu.be\/X_NO4nK-bkI<\/div>\r\n<\/figure>\r\n\r\n\r\n\r\n<p class=\"has-text-align-center\">Magic M\u00fchlbach, ein verspieltes Video der K\u00fcnstlerfamilie Simetzberger. Aus gl\u00fccklichen M\u00fchlbach-Zeiten.<\/p>","protected":false},"excerpt":{"rendered":"<p>Slide Show &#8222;PRO M\u00dcHLBACH&#8220;, hier die einzelnen Bilder. Die Fertigstellung mit Vertonung erfolgt Ende J\u00e4nner 2022! Alles lei f\u00fcr a Bachale (Carinthian dialect) Der Hermagorer M\u00fchlbach ist untrennbar mit der Geschichte dieser kleinen K\u00e4rntner Stadt verbunden. Hermagor wird als Wulfeniastadt bezeichnet, benannt nach einer seltenen Blume. Doch die spr\u00f6de Wulfenia w\u00e4chst in den Bergen. Der [&hellip;]<\/p>","protected":false},"author":3,"featured_media":0,"parent":0,"menu_order":1,"comment_status":"closed","ping_status":"closed","template":"","meta":{"_acf_changed":false,"_et_pb_use_builder":"","_et_pb_old_content":"","_et_gb_content_width":"","footnotes":""},"class_list":["post-137","page","type-page","status-publish","hentry"],"acf":[],"_links":{"self":[{"href":"https:\/\/unsermuehlbach.at\/en\/wp-json\/wp\/v2\/pages\/137","targetHints":{"allow":["GET"]}}],"collection":[{"href":"https:\/\/unsermuehlbach.at\/en\/wp-json\/wp\/v2\/pages"}],"about":[{"href":"https:\/\/unsermuehlbach.at\/en\/wp-json\/wp\/v2\/types\/page"}],"author":[{"embeddable":true,"href":"https:\/\/unsermuehlbach.at\/en\/wp-json\/wp\/v2\/users\/3"}],"replies":[{"embeddable":true,"href":"https:\/\/unsermuehlbach.at\/en\/wp-json\/wp\/v2\/comments?post=137"}],"version-history":[{"count":5,"href":"https:\/\/unsermuehlbach.at\/en\/wp-json\/wp\/v2\/pages\/137\/revisions"}],"predecessor-version":[{"id":1397,"href":"https:\/\/unsermuehlbach.at\/en\/wp-json\/wp\/v2\/pages\/137\/revisions\/1397"}],"wp:attachment":[{"href":"https:\/\/unsermuehlbach.at\/en\/wp-json\/wp\/v2\/media?parent=137"}],"curies":[{"name":"wp","href":"https:\/\/api.w.org\/{rel}","templated":true}]}}